{"id":9133,"date":"2024-04-22T19:16:27","date_gmt":"2024-04-22T17:16:27","guid":{"rendered":"https:\/\/tonexbau.sk\/?page_id=9133"},"modified":"2024-04-22T19:38:04","modified_gmt":"2024-04-22T17:38:04","slug":"sutik-es-biztonsag","status":"publish","type":"page","link":"https:\/\/tonexbau.sk\/hu\/sutik-es-biztonsag\/","title":{"rendered":"Cookies | Adatv\u00e9delmi ir\u00e1nyelvek"},"content":{"rendered":"<h1><\/h1>\n<h1 style=\"text-align: center;\">S\u00fcti Szab\u00e1lyzat<\/h1>\n<p>&nbsp;<\/p>\n<h5>Mik azok a s\u00fctik?<\/h5>\n<div>\n<p>Ez a S\u00fcti Szab\u00e1lyzat ismerteti, hogy mik azok a s\u00fctik, \u00e9s hogyan haszn\u00e1ljuk \u0151ket, milyen t\u00edpus\u00fa s\u00fctiket haszn\u00e1lunk, vagyis milyen inform\u00e1ci\u00f3kat gy\u0171jt\u00fcnk a s\u00fctik seg\u00edts\u00e9g\u00e9vel, hogyan haszn\u00e1ljuk fel ezeket az inform\u00e1ci\u00f3kat, \u00e9s hogyan kezelheti a s\u00fctibe\u00e1ll\u00edt\u00e1sokat.<\/p>\n<p>A s\u00fctik olyan kis sz\u00f6veges f\u00e1jlok, amelyeket apr\u00f3 inform\u00e1ci\u00f3morzs\u00e1k t\u00e1rol\u00e1s\u00e1ra haszn\u00e1lnak. Akkor ker\u00fclnek t\u00e1rol\u00e1sra az eszk\u00f6z\u00e9n, amikor a webhely bet\u00f6lt\u0151dik a b\u00f6ng\u00e9sz\u0151j\u00e9ben. Ezek a s\u00fctik seg\u00edtenek nek\u00fcnk abban, hogy a webhely megfelel\u0151en m\u0171k\u00f6dj\u00f6n, biztons\u00e1gosabb legyen, jobb felhaszn\u00e1l\u00f3i \u00e9lm\u00e9nyt ny\u00fajtson, valamint meg\u00e9rts\u00fck, hogyan m\u0171k\u00f6dik a webhely, \u00e9s elemezz\u00fck, hogy mi m\u0171k\u00f6dik, \u00e9s min kell jav\u00edtani.<\/p>\n<\/div>\n<p>&nbsp;<\/p>\n<h5>Hogyan haszn\u00e1lunk s\u00fctiket?<\/h5>\n<div>\n<p>A legt\u00f6bb online szolg\u00e1ltat\u00e1shoz hasonl\u00f3an webhely\u00fcnk is els\u0151 \u00e9s harmadik f\u00e9lt\u0151l sz\u00e1rmaz\u00f3 s\u00fctiket haszn\u00e1l k\u00fcl\u00f6nb\u00f6z\u0151 c\u00e9lokra. Az els\u0151 f\u00e9lt\u0151l sz\u00e1rmaz\u00f3 s\u00fctik \u00e1ltal\u00e1ban a webhely megfelel\u0151 m\u0171k\u00f6d\u00e9s\u00e9hez sz\u00fcks\u00e9gesek, \u00e9s nem gy\u0171jtenek semmilyen szem\u00e9lyes azonos\u00edt\u00f3 adatot \u00d6nt\u0151l.<\/p>\n<p>A webhely\u00fcnk\u00f6n haszn\u00e1lt harmadik f\u00e9lt\u0151l sz\u00e1rmaz\u00f3 s\u00fctik els\u0151sorban annak meg\u00e9rt\u00e9s\u00e9re szolg\u00e1lnak, hogy a webhely hogyan m\u0171k\u00f6dik, hogyan l\u00e9p \u00d6n interakci\u00f3ba a webhely\u00fcnkkel, hogy biztons\u00e1gban tartsuk szolg\u00e1ltat\u00e1sainkat, hogy olyan hirdet\u00e9seket jelen\u00edts\u00fcnk meg \u00d6nnek, amelyek relev\u00e1nsak az \u00d6n sz\u00e1m\u00e1ra, \u00e9s hogy \u00f6sszess\u00e9g\u00e9ben jobb \u00e9s fejlettebb felhaszn\u00e1l\u00f3i \u00e9lm\u00e9nyt ny\u00fajtsunk \u00d6nnek, valamint felgyors\u00edtsuk j\u00f6v\u0151beli interakci\u00f3it webhely\u00fcnkkel.<\/p>\n<\/div>\n<p>&nbsp;<\/p>\n<h5>Az \u00e1ltalunk haszn\u00e1lt s\u00fctik t\u00edpusai<\/h5>\n<div class=\"cky-audit-table-element\"><\/div>\n<p>&nbsp;<\/p>\n<h5>S\u00fctibe\u00e1ll\u00edt\u00e1sok kezel\u00e9se<\/h5>\n<p><a>S\u00fctibe\u00e1ll\u00edt\u00e1sok<\/a><\/p>\n<div>\n<p>B\u00e1rmikor m\u00f3dos\u00edthatja s\u00fctibe\u00e1ll\u00edt\u00e1sait a fenti gombra kattintva. Ez lehet\u0151v\u00e9 teszi a s\u00fctikre vonatkoz\u00f3 hozz\u00e1j\u00e1rul\u00f3 banner \u00fajb\u00f3li megtekint\u00e9s\u00e9t, \u00e9s be\u00e1ll\u00edt\u00e1sainak m\u00f3dos\u00edt\u00e1s\u00e1t, vagy a hozz\u00e1j\u00e1rul\u00e1s azonnali visszavon\u00e1s\u00e1t.<\/p>\n<p>&nbsp;<\/p>\n<\/div>\n<p>&nbsp;<\/p>\n<p>&nbsp;<\/p>\n<div>\n<h1 style=\"text-align: center;\">Adatv\u00e9delmi ir\u00e1nyelvek<\/h1>\n<p>&nbsp;<\/p>\n<p>Ez az Adatv\u00e9delmi ir\u00e1nyelv a k\u00f6vetkez\u0151kre vonatkoz\u00f3 szab\u00e1lyokat ismerteti:<\/p>\n<p>TONEX, spol. s r.o.,<br \/>\nDunajsk\u00e9 n\u00e1br. 1152, Kom\u00e1rno,<br \/>\nNitriansky kraj<br \/>\n94501,<br \/>\nSzlov\u00e1kia,<br \/>\nE-mail: it@tonexbau.sk<br \/>\nTelefon: +421 908 377 777<\/p>\n<p>az \u00d6n \u00e1ltalunk gy\u0171jt\u00f6tt inform\u00e1ci\u00f3kra vonatkoz\u00f3 adatgy\u0171jt\u00e9sre, felhaszn\u00e1l\u00e1sra \u00e9s nyilv\u00e1noss\u00e1gra hozatalra, amelyeket a weboldalunk (https:\/\/tonexbau.sk) haszn\u00e1latakor gy\u0171jt\u00fcnk. (a \u201eSzolg\u00e1ltat\u00e1s\u201d). A Szolg\u00e1ltat\u00e1s el\u00e9r\u00e9s\u00e9vel vagy haszn\u00e1lat\u00e1val \u00d6n hozz\u00e1j\u00e1rul az \u00d6n inform\u00e1ci\u00f3inak ezen Adatv\u00e9delmi ir\u00e1nyelvnek megfelel\u0151 gy\u0171jt\u00e9s\u00e9hez, haszn\u00e1lat\u00e1hoz \u00e9s nyilv\u00e1noss\u00e1gra hozatal\u00e1hoz. Ha nem \u00e9rt egyet ezzel, k\u00e9rj\u00fck, ne \u00e9rje el \u00e9s ne haszn\u00e1lja a Szolg\u00e1ltat\u00e1st.<\/p>\n<p>B\u00e1rmikor m\u00f3dos\u00edthatjuk ezt az Adatv\u00e9delmi ir\u00e1nyelvet el\u0151zetes \u00e9rtes\u00edt\u00e9s n\u00e9lk\u00fcl, \u00e9s k\u00f6zz\u00e9tessz\u00fck a m\u00f3dos\u00edtott Adatv\u00e9delmi ir\u00e1nyelvet a Szolg\u00e1ltat\u00e1sban. A m\u00f3dos\u00edtott Ir\u00e1nyelv 180 nappal att\u00f3l a napt\u00f3l kezd\u0151d\u0151en l\u00e9p hat\u00e1lyba, amikor a m\u00f3dos\u00edtott Ir\u00e1nyelvet k\u00f6zz\u00e9tett\u00e9k a Szolg\u00e1ltat\u00e1sban, \u00e9s a tov\u00e1bbiakban a Szolg\u00e1ltat\u00e1shoz val\u00f3 folyamatos hozz\u00e1f\u00e9r\u00e9se vagy haszn\u00e1lata az \u00d6n r\u00e9sz\u00e9r\u0151l a m\u00f3dos\u00edtott Adatv\u00e9delmi ir\u00e1nyelv elfogad\u00e1s\u00e1t jelenti. Ez\u00e9rt azt javasoljuk, hogy rendszeresen tekintse \u00e1t ezt az oldalt.<\/p>\n<ul>\n<li>\n<h3>Hogyan haszn\u00e1ljuk az \u00d6n adatait:<\/h3>\n<p>Az \u00d6nr\u0151l gy\u0171jt\u00f6tt inform\u00e1ci\u00f3kat a k\u00f6vetkez\u0151 c\u00e9lokra haszn\u00e1ljuk:<\/p>\n<ul>\n<li>T\u00e1mogat\u00e1s<\/li>\n<li>Vitarendez\u00e9s<\/li>\n<\/ul>\n<p>Ha b\u00e1rmilyen m\u00e1s c\u00e9lra szeretn\u00e9nk felhaszn\u00e1lni az \u00d6n adatait, az \u00d6n hozz\u00e1j\u00e1rul\u00e1s\u00e1t k\u00e9rj\u00fck, \u00e9s csak a hozz\u00e1j\u00e1rul\u00e1sa alapj\u00e1n, \u00e9s csak azokra a c\u00e9lokra fogjuk felhaszn\u00e1lni az adatait, amelyekre \u00d6n hozz\u00e1j\u00e1rul\u00e1s\u00e1t adta, kiv\u00e9ve, ha a jogszab\u00e1lyok m\u00e1sk\u00e9nt nem rendelkeznek.<\/p>\n<ul>\n<li>\n<h3>Az \u00d6n jogai:<\/h3>\n<p>Az alkalmazand\u00f3 jogszab\u00e1lyokt\u00f3l f\u00fcgg\u0151en \u00d6nnek joga lehet hozz\u00e1f\u00e9rni \u00e9s helyesb\u00edteni vagy t\u00f6r\u00f6lni a szem\u00e9lyes adatait, vagy megkapni a szem\u00e9lyes adatai m\u00e1solat\u00e1t, korl\u00e1tozni vagy tiltakozni az adatai akt\u00edv feldolgoz\u00e1sa ellen, k\u00e9rni minket, hogy osszuk meg (hordozzuk) szem\u00e9lyes adatait egy m\u00e1sik jogalappal, visszavonni b\u00e1rmely hozz\u00e1j\u00e1rul\u00e1s\u00e1t, amelyet az adatai feldolgoz\u00e1s\u00e1hoz adott nek\u00fcnk, joga van panaszt tenni a t\u00f6rv\u00e9nyes hat\u00f3s\u00e1gn\u00e1l, \u00e9s az alkalmazand\u00f3 jogszab\u00e1lyok alapj\u00e1n relev\u00e1ns egy\u00e9b jogok. Ezen jogok gyakorl\u00e1s\u00e1hoz \u00edr\u00e1sban jelentkezhet az it@tonexbau.sk c\u00edmen. K\u00e9r\u00e9s\u00e9re az alkalmazand\u00f3 jogszab\u00e1lyoknak megfelel\u0151en v\u00e1laszolunk.<\/p>\n<p>Felh\u00edvjuk figyelm\u00e9t, hogy ha nem enged\u00e9lyezi sz\u00e1munkra a sz\u00fcks\u00e9ges szem\u00e9lyes adatok gy\u0171jt\u00e9s\u00e9t vagy feldolgoz\u00e1s\u00e1t, vagy visszavonja a hozz\u00e1j\u00e1rul\u00e1s\u00e1t ugyanezek feldolgoz\u00e1s\u00e1hoz a sz\u00fcks\u00e9ges c\u00e9lokra, akkor el\u0151fordulhat, hogy nem tudja el\u00e9rni vagy haszn\u00e1lni azokat a szolg\u00e1ltat\u00e1sokat, amelyekhez az adatait k\u00e9rt\u00fck.<\/li>\n<li>\n<h3>S\u00fctik stb.<\/h3>\n<p>Annak \u00e9rdek\u00e9ben, hogy t\u00f6bbet tudjon meg arr\u00f3l, hogyan haszn\u00e1ljuk ezeket a technol\u00f3gi\u00e1kat, \u00e9s milyen v\u00e1laszt\u00e1si lehet\u0151s\u00e9gei vannak ezekkel a nyomk\u00f6vet\u00e9si technol\u00f3gi\u00e1kkal kapcsolatban, k\u00e9rj\u00fck, tekintse meg a S\u00fctikre vonatkoz\u00f3 szab\u00e1lyzatunkat (link a S\u00fctikre vonatkoz\u00f3 szab\u00e1lyzat\u00e1hoz).<\/li>\n<li>\n<h3>Biztons\u00e1g:<\/h3>\n<p>Az \u00d6n adatainak biztons\u00e1ga fontos sz\u00e1munkra, \u00e9s \u00e9sszer\u0171 biztons\u00e1gi int\u00e9zked\u00e9seket alkalmazunk az \u00d6n ellen\u0151rz\u00e9s\u00fcnk alatt \u00e1ll\u00f3 adatainak elveszt\u00e9s\u00e9nek, vissza\u00e9l\u00e9sszer\u0171 felhaszn\u00e1l\u00e1s\u00e1nak vagy jogosulatlan megv\u00e1ltoztat\u00e1s\u00e1nak megakad\u00e1lyoz\u00e1s\u00e1ra. Azonban a velesz\u00fcletett kock\u00e1zatok miatt nem tudunk garant\u00e1lni abszol\u00fat biztons\u00e1got, ez\u00e9rt nem tudjuk biztos\u00edtani vagy szavatolni az \u00d6n \u00e1ltal nek\u00fcnk tov\u00e1bb\u00edtott inform\u00e1ci\u00f3k biztons\u00e1g\u00e1t, \u00e9s \u00d6n ezt saj\u00e1t felel\u0151ss\u00e9g\u00e9re teszi.<\/li>\n<li>\n<h3>Harmadik f\u00e9lt\u0151l sz\u00e1rmaz\u00f3 linkek \u00e9s az \u00d6n adatainak felhaszn\u00e1l\u00e1sa:<\/h3>\n<p>Szolg\u00e1ltat\u00e1sunk tartalmazhat olyan linkeket m\u00e1s webhelyekre, amelyeket mi nem \u00fczemeltet\u00fcnk. Ez az Adatv\u00e9delmi ir\u00e1nyelv nem foglalkozik a harmadik felek adatv\u00e9delmi ir\u00e1nyelveivel \u00e9s egy\u00e9b gyakorlataival, bele\u00e9rtve b\u00e1rmely olyan harmadik felet, amely a Szolg\u00e1ltat\u00e1son kereszt\u00fcli linken el\u00e9rhet\u0151 webhelyet vagy szolg\u00e1ltat\u00e1st \u00fczemeltet. Er\u0151sen javasoljuk, hogy tekintse \u00e1t minden olyan webhely adatv\u00e9delmi ir\u00e1nyelveit, amelyet megl\u00e1togat. Nincs ellen\u0151rz\u00e9s\u00fcnk sem, \u00e9s nem v\u00e1llalunk felel\u0151ss\u00e9get a harmadik f\u00e9lt\u0151l sz\u00e1rmaz\u00f3 webhelyek vagy szolg\u00e1ltat\u00e1sok tartalm\u00e1\u00e9rt, adatv\u00e9delmi ir\u00e1nyelvei\u00e9rt vagy gyakorlatai\u00e9rt.<\/li>\n<li>\n<h3>Panasz \/ Adatv\u00e9delmi tisztvisel\u0151:<\/h3>\n<p>Ha b\u00e1rmilyen k\u00e9rd\u00e9se vagy agg\u00e1lya van az adatai feldolgoz\u00e1s\u00e1val kapcsolatban, amelyek rendelkez\u00e9s\u00fcnkre \u00e1llnak, k\u00fcldhet e-mailt a panaszost\u65b9\u4f4d (panaszti\u0161tatelj) biztosonknak a k\u00f6vetkez\u0151 c\u00edmen: TONEX, spol. s r.o., Dunajsk\u00e9 n\u00e1br. 1152, Kom\u00e1rno, e-mail: it@tonexbau.sk. Az agg\u00e1lyait a vonatkoz\u00f3 jogszab\u00e1lyoknak megfelel\u0151en kezelj\u00fck.<\/li>\n<\/ul>\n<\/li>\n<\/ul>\n<\/div>\n<p><script src=\"moz-extension:\/\/92d45c28-64dc-4da4-820d-e3170d218294\/js\/app.js\" type=\"text\/javascript\"><\/script>&#8222;&gt;<\/p>\n<p><script src=\"moz-extension:\/\/92d45c28-64dc-4da4-820d-e3170d218294\/js\/app.js\" type=\"text\/javascript\"><\/script><\/p>\n<p><script src=\"moz-extension:\/\/92d45c28-64dc-4da4-820d-e3170d218294\/js\/app.js\" type=\"text\/javascript\"><\/script><\/p>\n<p><script src=\"moz-extension:\/\/92d45c28-64dc-4da4-820d-e3170d218294\/js\/app.js\" type=\"text\/javascript\"><\/script><\/p>\n","protected":false},"excerpt":{"rendered":"<p>S\u00fcti Szab\u00e1lyzat &nbsp; Mik azok a s\u00fctik? Ez a S\u00fcti Szab\u00e1lyzat ismerteti, hogy mik azok a s\u00fctik, \u00e9s hogyan haszn\u00e1ljuk \u0151ket, milyen t\u00edpus\u00fa s\u00fctiket haszn\u00e1lunk, vagyis milyen inform\u00e1ci\u00f3kat gy\u0171jt\u00fcnk a s\u00fctik seg\u00edts\u00e9g\u00e9vel, hogyan haszn\u00e1ljuk fel ezeket az inform\u00e1ci\u00f3kat, \u00e9s hogyan kezelheti a s\u00fctibe\u00e1ll\u00edt\u00e1sokat. A s\u00fctik olyan kis sz\u00f6veges f\u00e1jlok, amelyeket apr\u00f3 inform\u00e1ci\u00f3morzs\u00e1k t\u00e1rol\u00e1s\u00e1ra haszn\u00e1lnak. Akkor [&hellip;]<\/p>\n","protected":false},"author":1,"featured_media":0,"parent":0,"menu_order":0,"comment_status":"closed","ping_status":"closed","template":"","meta":{"footnotes":""},"yoast_head":"<!-- This site is optimized with the Yoast SEO plugin v22.5 - https:\/\/yoast.com\/wordpress\/plugins\/seo\/ -->\n<title>Cookies | Adatv\u00e9delmi ir\u00e1nyelvek | Tonex Baucentrum<\/title>\n<meta name=\"robots\" content=\"index, follow, max-snippet:-1, max-image-preview:large, max-video-preview:-1\" \/>\n<link rel=\"canonical\" href=\"https:\/\/tonexbau.sk\/hu\/sutik-es-biztonsag\/\" \/>\n<meta property=\"og:locale\" content=\"hu_HU\" \/>\n<meta property=\"og:type\" content=\"article\" \/>\n<meta property=\"og:title\" content=\"Cookies | Adatv\u00e9delmi ir\u00e1nyelvek | Tonex Baucentrum\" \/>\n<meta property=\"og:description\" content=\"S\u00fcti Szab\u00e1lyzat &nbsp; Mik azok a s\u00fctik? Ez a S\u00fcti Szab\u00e1lyzat ismerteti, hogy mik azok a s\u00fctik, \u00e9s hogyan haszn\u00e1ljuk \u0151ket, milyen t\u00edpus\u00fa s\u00fctiket haszn\u00e1lunk, vagyis milyen inform\u00e1ci\u00f3kat gy\u0171jt\u00fcnk a s\u00fctik seg\u00edts\u00e9g\u00e9vel, hogyan haszn\u00e1ljuk fel ezeket az inform\u00e1ci\u00f3kat, \u00e9s hogyan kezelheti a s\u00fctibe\u00e1ll\u00edt\u00e1sokat. A s\u00fctik olyan kis sz\u00f6veges f\u00e1jlok, amelyeket apr\u00f3 inform\u00e1ci\u00f3morzs\u00e1k t\u00e1rol\u00e1s\u00e1ra haszn\u00e1lnak. Akkor [&hellip;]\" \/>\n<meta property=\"og:url\" content=\"https:\/\/tonexbau.sk\/hu\/sutik-es-biztonsag\/\" \/>\n<meta property=\"og:site_name\" content=\"Tonex Baucentrum\" \/>\n<meta property=\"article:publisher\" content=\"https:\/\/www.facebook.com\/tonexbaucentrum\/\" \/>\n<meta property=\"article:modified_time\" content=\"2024-04-22T17:38:04+00:00\" \/>\n<meta name=\"twitter:card\" content=\"summary_large_image\" \/>\n<meta name=\"twitter:label1\" content=\"Becs\u00fclt olvas\u00e1si id\u0151\" \/>\n\t<meta name=\"twitter:data1\" content=\"5 perc\" \/>\n<script type=\"application\/ld+json\" class=\"yoast-schema-graph\">{\"@context\":\"https:\/\/schema.org\",\"@graph\":[{\"@type\":\"WebPage\",\"@id\":\"https:\/\/tonexbau.sk\/hu\/sutik-es-biztonsag\/\",\"url\":\"https:\/\/tonexbau.sk\/hu\/sutik-es-biztonsag\/\",\"name\":\"Cookies | Adatv\u00e9delmi ir\u00e1nyelvek | Tonex Baucentrum\",\"isPartOf\":{\"@id\":\"https:\/\/tonexbau.sk\/hu\/#website\"},\"datePublished\":\"2024-04-22T17:16:27+00:00\",\"dateModified\":\"2024-04-22T17:38:04+00:00\",\"breadcrumb\":{\"@id\":\"https:\/\/tonexbau.sk\/hu\/sutik-es-biztonsag\/#breadcrumb\"},\"inLanguage\":\"hu\",\"potentialAction\":[{\"@type\":\"ReadAction\",\"target\":[\"https:\/\/tonexbau.sk\/hu\/sutik-es-biztonsag\/\"]}]},{\"@type\":\"BreadcrumbList\",\"@id\":\"https:\/\/tonexbau.sk\/hu\/sutik-es-biztonsag\/#breadcrumb\",\"itemListElement\":[{\"@type\":\"ListItem\",\"position\":1,\"name\":\"Home\",\"item\":\"https:\/\/tonexbau.sk\/hu\/fooldal\/\"},{\"@type\":\"ListItem\",\"position\":2,\"name\":\"Cookies | Adatv\u00e9delmi ir\u00e1nyelvek\"}]},{\"@type\":\"WebSite\",\"@id\":\"https:\/\/tonexbau.sk\/hu\/#website\",\"url\":\"https:\/\/tonexbau.sk\/hu\/\",\"name\":\"Tonex Baucentrum\",\"description\":\"Vytv\u00e1rame hodnotu, prin\u00e1\u0161ame rados\u0165 na\u0161\u00edm z\u00e1kazn\u00edkom.\",\"publisher\":{\"@id\":\"https:\/\/tonexbau.sk\/hu\/#organization\"},\"potentialAction\":[{\"@type\":\"SearchAction\",\"target\":{\"@type\":\"EntryPoint\",\"urlTemplate\":\"https:\/\/tonexbau.sk\/hu\/?s={search_term_string}\"},\"query-input\":\"required name=search_term_string\"}],\"inLanguage\":\"hu\"},{\"@type\":\"Organization\",\"@id\":\"https:\/\/tonexbau.sk\/hu\/#organization\",\"name\":\"Tonex Baucentrum\",\"url\":\"https:\/\/tonexbau.sk\/hu\/\",\"logo\":{\"@type\":\"ImageObject\",\"inLanguage\":\"hu\",\"@id\":\"https:\/\/tonexbau.sk\/hu\/#\/schema\/logo\/image\/\",\"url\":\"https:\/\/tonexbau.sk\/wp-content\/uploads\/2018\/04\/TONEX-C2.png\",\"contentUrl\":\"https:\/\/tonexbau.sk\/wp-content\/uploads\/2018\/04\/TONEX-C2.png\",\"width\":1461,\"height\":399,\"caption\":\"Tonex Baucentrum\"},\"image\":{\"@id\":\"https:\/\/tonexbau.sk\/hu\/#\/schema\/logo\/image\/\"},\"sameAs\":[\"https:\/\/www.facebook.com\/tonexbaucentrum\/\"]}]}<\/script>\n<!-- \/ Yoast SEO plugin. -->","yoast_head_json":{"title":"Cookies | Adatv\u00e9delmi ir\u00e1nyelvek | Tonex Baucentrum","robots":{"index":"index","follow":"follow","max-snippet":"max-snippet:-1","max-image-preview":"max-image-preview:large","max-video-preview":"max-video-preview:-1"},"canonical":"https:\/\/tonexbau.sk\/hu\/sutik-es-biztonsag\/","og_locale":"hu_HU","og_type":"article","og_title":"Cookies | Adatv\u00e9delmi ir\u00e1nyelvek | Tonex Baucentrum","og_description":"S\u00fcti Szab\u00e1lyzat &nbsp; Mik azok a s\u00fctik? Ez a S\u00fcti Szab\u00e1lyzat ismerteti, hogy mik azok a s\u00fctik, \u00e9s hogyan haszn\u00e1ljuk \u0151ket, milyen t\u00edpus\u00fa s\u00fctiket haszn\u00e1lunk, vagyis milyen inform\u00e1ci\u00f3kat gy\u0171jt\u00fcnk a s\u00fctik seg\u00edts\u00e9g\u00e9vel, hogyan haszn\u00e1ljuk fel ezeket az inform\u00e1ci\u00f3kat, \u00e9s hogyan kezelheti a s\u00fctibe\u00e1ll\u00edt\u00e1sokat. A s\u00fctik olyan kis sz\u00f6veges f\u00e1jlok, amelyeket apr\u00f3 inform\u00e1ci\u00f3morzs\u00e1k t\u00e1rol\u00e1s\u00e1ra haszn\u00e1lnak. Akkor [&hellip;]","og_url":"https:\/\/tonexbau.sk\/hu\/sutik-es-biztonsag\/","og_site_name":"Tonex Baucentrum","article_publisher":"https:\/\/www.facebook.com\/tonexbaucentrum\/","article_modified_time":"2024-04-22T17:38:04+00:00","twitter_card":"summary_large_image","twitter_misc":{"Becs\u00fclt olvas\u00e1si id\u0151":"5 perc"},"schema":{"@context":"https:\/\/schema.org","@graph":[{"@type":"WebPage","@id":"https:\/\/tonexbau.sk\/hu\/sutik-es-biztonsag\/","url":"https:\/\/tonexbau.sk\/hu\/sutik-es-biztonsag\/","name":"Cookies | Adatv\u00e9delmi ir\u00e1nyelvek | Tonex Baucentrum","isPartOf":{"@id":"https:\/\/tonexbau.sk\/hu\/#website"},"datePublished":"2024-04-22T17:16:27+00:00","dateModified":"2024-04-22T17:38:04+00:00","breadcrumb":{"@id":"https:\/\/tonexbau.sk\/hu\/sutik-es-biztonsag\/#breadcrumb"},"inLanguage":"hu","potentialAction":[{"@type":"ReadAction","target":["https:\/\/tonexbau.sk\/hu\/sutik-es-biztonsag\/"]}]},{"@type":"BreadcrumbList","@id":"https:\/\/tonexbau.sk\/hu\/sutik-es-biztonsag\/#breadcrumb","itemListElement":[{"@type":"ListItem","position":1,"name":"Home","item":"https:\/\/tonexbau.sk\/hu\/fooldal\/"},{"@type":"ListItem","position":2,"name":"Cookies | Adatv\u00e9delmi ir\u00e1nyelvek"}]},{"@type":"WebSite","@id":"https:\/\/tonexbau.sk\/hu\/#website","url":"https:\/\/tonexbau.sk\/hu\/","name":"Tonex Baucentrum","description":"Vytv\u00e1rame hodnotu, prin\u00e1\u0161ame rados\u0165 na\u0161\u00edm z\u00e1kazn\u00edkom.","publisher":{"@id":"https:\/\/tonexbau.sk\/hu\/#organization"},"potentialAction":[{"@type":"SearchAction","target":{"@type":"EntryPoint","urlTemplate":"https:\/\/tonexbau.sk\/hu\/?s={search_term_string}"},"query-input":"required name=search_term_string"}],"inLanguage":"hu"},{"@type":"Organization","@id":"https:\/\/tonexbau.sk\/hu\/#organization","name":"Tonex Baucentrum","url":"https:\/\/tonexbau.sk\/hu\/","logo":{"@type":"ImageObject","inLanguage":"hu","@id":"https:\/\/tonexbau.sk\/hu\/#\/schema\/logo\/image\/","url":"https:\/\/tonexbau.sk\/wp-content\/uploads\/2018\/04\/TONEX-C2.png","contentUrl":"https:\/\/tonexbau.sk\/wp-content\/uploads\/2018\/04\/TONEX-C2.png","width":1461,"height":399,"caption":"Tonex Baucentrum"},"image":{"@id":"https:\/\/tonexbau.sk\/hu\/#\/schema\/logo\/image\/"},"sameAs":["https:\/\/www.facebook.com\/tonexbaucentrum\/"]}]}},"_links":{"self":[{"href":"https:\/\/tonexbau.sk\/hu\/wp-json\/wp\/v2\/pages\/9133"}],"collection":[{"href":"https:\/\/tonexbau.sk\/hu\/wp-json\/wp\/v2\/pages"}],"about":[{"href":"https:\/\/tonexbau.sk\/hu\/wp-json\/wp\/v2\/types\/page"}],"author":[{"embeddable":true,"href":"https:\/\/tonexbau.sk\/hu\/wp-json\/wp\/v2\/users\/1"}],"replies":[{"embeddable":true,"href":"https:\/\/tonexbau.sk\/hu\/wp-json\/wp\/v2\/comments?post=9133"}],"version-history":[{"count":13,"href":"https:\/\/tonexbau.sk\/hu\/wp-json\/wp\/v2\/pages\/9133\/revisions"}],"predecessor-version":[{"id":9159,"href":"https:\/\/tonexbau.sk\/hu\/wp-json\/wp\/v2\/pages\/9133\/revisions\/9159"}],"wp:attachment":[{"href":"https:\/\/tonexbau.sk\/hu\/wp-json\/wp\/v2\/media?parent=9133"}],"curies":[{"name":"wp","href":"https:\/\/api.w.org\/{rel}","templated":true}]}}