{"id":4170,"date":"2018-07-07T15:16:34","date_gmt":"2018-07-07T13:16:34","guid":{"rendered":"http:\/\/tonexbau.sk\/?page_id=4170"},"modified":"2018-08-24T19:16:29","modified_gmt":"2018-08-24T17:16:29","slug":"egyeb","status":"publish","type":"page","link":"https:\/\/tonexbau.sk\/hu\/referenciak\/egyeb\/","title":{"rendered":"Egy\u00e9b"},"content":{"rendered":"<div id='av_section_1'  class='avia-section av-jj9rcdeu-0d4c6a0e479c460db04a3b54c1a70f75 alternate_color avia-section-small avia-no-border-styling  avia-builder-el-0  el_before_av_textblock  avia-builder-el-first  avia-bg-style-scroll container_wrap sidebar_right'  ><div class='container av-section-cont-open' ><main  role=\"main\" itemprop=\"mainContentOfPage\"  class='template-page content  av-content-small alpha units'><div class='post-entry post-entry-type-page post-entry-4170'><div class='entry-content-wrapper clearfix'>\n<section  class='av_textblock_section av-jj9rqzk3-62aaa362ba5dc4e207704043ce1cd320 '   itemscope=\"itemscope\" itemtype=\"https:\/\/schema.org\/CreativeWork\" ><div class='avia_textblock'  itemprop=\"text\" ><p style=\"text-align: center; font-size: 24px;\"><span style=\"color: #ffffff;\"><strong>Egy\u00e9b<\/strong><\/span><\/p>\n<\/div><\/section>\n<\/div><\/div><\/main><!-- close content main element --><\/div><\/div><div id='after_section_1'  class='main_color av_default_container_wrap container_wrap sidebar_right'  ><div class='container av-section-cont-open' ><div class='template-page content  av-content-small alpha units'><div class='post-entry post-entry-type-page post-entry-4170'><div class='entry-content-wrapper clearfix'><section  class='av_textblock_section av-4pdorf-40a6cab3effa56b28d4fd6966d096c57 '   itemscope=\"itemscope\" itemtype=\"https:\/\/schema.org\/CreativeWork\" ><div class='avia_textblock'  itemprop=\"text\" ><h2 style=\"text-align: center;\">2007<\/h2>\n<h3 style=\"text-align: center;\">Coop Jednota &#8211; Kol\u00e1rovo (G\u00fata)<\/h3>\n<\/div><\/section><\/p>\n\n<style type=\"text\/css\" data-created_by=\"avia_inline_auto\" id=\"style-css-av-jja4u1d2-82239f952ea906a66d447f69d4eff757\">\n#top .avia-gallery.av-jja4u1d2-82239f952ea906a66d447f69d4eff757 .avia-gallery-thumb a{\nwidth:20%;\n}\n<\/style>\n<div  class='avia-gallery av-jja4u1d2-82239f952ea906a66d447f69d4eff757 avia_animate_when_visible  avia-builder-el-3  el_after_av_textblock  el_before_av_hr  avia_lazyload av-slideshow-ui av-loop-manual-endless av-control-hidden av-navigate-arrows av-navigate-dots hover-effect av-control-hidden avia-gallery-animate avia-gallery-1'  itemprop=\"image\" itemscope=\"itemscope\" itemtype=\"https:\/\/schema.org\/ImageObject\" ><meta itemprop=\"contentURL\" content=\"https:\/\/tonexbau.sk\/hu\/referenciak\/egyeb\/\"><a class='avia-gallery-big fakeLightbox lightbox avia-gallery-big-crop-thumb ' href=\"https:\/\/tonexbau.sk\/wp-content\/uploads\/P8290104-1030x773.jpg\" data-srcset=\"https:\/\/tonexbau.sk\/wp-content\/uploads\/\/P8290104-1030x773.jpg 1030w, https:\/\/tonexbau.sk\/wp-content\/uploads\/\/P8290104-600x450.jpg 600w, https:\/\/tonexbau.sk\/wp-content\/uploads\/\/P8290104-768x576.jpg 768w, https:\/\/tonexbau.sk\/wp-content\/uploads\/\/P8290104-1500x1125.jpg 1500w, https:\/\/tonexbau.sk\/wp-content\/uploads\/\/P8290104-705x529.jpg 705w, https:\/\/tonexbau.sk\/wp-content\/uploads\/\/P8290104-450x338.jpg 450w\" data-sizes=\"(max-width: 1030px) 100vw, 1030px\"  data-onclick='1' title='OLYMPUS DIGITAL CAMERA' ><span class='avia-gallery-big-inner'  itemprop=\"thumbnailUrl\" ><img decoding=\"async\" class=\"wp-image-3806 avia-img-lazy-loading-not-3806\"  width=\"845\" height=\"321\" src=\"https:\/\/tonexbau.sk\/wp-content\/uploads\/P8290104-845x321.jpg\" title='OLYMPUS DIGITAL CAMERA' alt='' \/><span class='avia-gallery-caption'>OLYMPUS DIGITAL CAMERA<\/span><\/span><\/a><div class='avia-gallery-thumb'><a href=\"https:\/\/tonexbau.sk\/wp-content\/uploads\/P8290104-1030x773.jpg\" data-srcset=\"https:\/\/tonexbau.sk\/wp-content\/uploads\/\/P8290104-1030x773.jpg 1030w, https:\/\/tonexbau.sk\/wp-content\/uploads\/\/P8290104-600x450.jpg 600w, https:\/\/tonexbau.sk\/wp-content\/uploads\/\/P8290104-768x576.jpg 768w, https:\/\/tonexbau.sk\/wp-content\/uploads\/\/P8290104-1500x1125.jpg 1500w, https:\/\/tonexbau.sk\/wp-content\/uploads\/\/P8290104-705x529.jpg 705w, https:\/\/tonexbau.sk\/wp-content\/uploads\/\/P8290104-450x338.jpg 450w\" data-sizes=\"(max-width: 1030px) 100vw, 1030px\" data-rel='gallery-1' data-prev-img='https:\/\/tonexbau.sk\/wp-content\/uploads\/P8290104-845x321.jpg' class='first_thumb lightbox ' data-onclick='1' title='OLYMPUS DIGITAL CAMERA'  itemprop=\"thumbnailUrl\"  ><img decoding=\"async\" class=\"wp-image-3806 avia-img-lazy-loading-not-3806\"  data-avia-tooltip='OLYMPUS DIGITAL CAMERA' src=\"https:\/\/tonexbau.sk\/wp-content\/uploads\/P8290104-845x321.jpg\" width=\"845\" height=\"321\"  title='OLYMPUS DIGITAL CAMERA' alt='' \/><div class='big-prev-fake'><img decoding=\"async\" class=\"wp-image-3806 avia-img-lazy-loading-3806\"  width=\"845\" height=\"321\" src=\"https:\/\/tonexbau.sk\/wp-content\/uploads\/P8290104-845x321.jpg\" title='OLYMPUS DIGITAL CAMERA' alt='' \/><\/div><\/a><\/div><\/div>\n<div  class='hr av-jja4wy2k-1fafcef9897f8392d5d237be3256aab2 hr-short  avia-builder-el-4  el_after_av_gallery  el_before_av_textblock  hr-center'><span class='hr-inner '><span class=\"hr-inner-style\"><\/span><\/span><\/div>\n<section  class='av_textblock_section av-7g7nf-2713db91593da319d8bcea338578e696 '   itemscope=\"itemscope\" itemtype=\"https:\/\/schema.org\/CreativeWork\" ><div class='avia_textblock'  itemprop=\"text\" ><h2 style=\"text-align: center;\">2006<\/h2>\n<h3 style=\"text-align: center;\">Palat\u00ednova ulica &#8211; Kom\u00e1rno (Kom\u00e1rom)<\/h3>\n<\/div><\/section>\n\n<style type=\"text\/css\" data-created_by=\"avia_inline_auto\" id=\"style-css-av-jja4u1d2-047e56afcacf3b9a18ca43cac4bb3aad\">\n#top .avia-gallery.av-jja4u1d2-047e56afcacf3b9a18ca43cac4bb3aad .avia-gallery-thumb a{\nwidth:20%;\n}\n<\/style>\n<div  class='avia-gallery av-jja4u1d2-047e56afcacf3b9a18ca43cac4bb3aad avia_animate_when_visible  avia-builder-el-6  el_after_av_textblock  avia-builder-el-last  avia_lazyload av-slideshow-ui av-loop-manual-endless av-control-hidden av-navigate-arrows av-navigate-dots hover-effect av-control-hidden avia-gallery-animate avia-gallery-2'  itemprop=\"image\" itemscope=\"itemscope\" itemtype=\"https:\/\/schema.org\/ImageObject\" ><meta itemprop=\"contentURL\" content=\"https:\/\/tonexbau.sk\/hu\/referenciak\/egyeb\/\"><a class='avia-gallery-big fakeLightbox lightbox avia-gallery-big-crop-thumb ' href=\"https:\/\/tonexbau.sk\/wp-content\/uploads\/Obr\u00e1zok-PESZO-001-1030x773.jpg\" data-srcset=\"https:\/\/tonexbau.sk\/wp-content\/uploads\/Obr\u00e1zok-PESZO-001-1030x773.jpg 1030w, https:\/\/tonexbau.sk\/wp-content\/uploads\/Obr\u00e1zok-PESZO-001-600x450.jpg 600w, https:\/\/tonexbau.sk\/wp-content\/uploads\/Obr\u00e1zok-PESZO-001-768x576.jpg 768w, https:\/\/tonexbau.sk\/wp-content\/uploads\/Obr\u00e1zok-PESZO-001-1500x1125.jpg 1500w, https:\/\/tonexbau.sk\/wp-content\/uploads\/Obr\u00e1zok-PESZO-001-705x529.jpg 705w, https:\/\/tonexbau.sk\/wp-content\/uploads\/Obr\u00e1zok-PESZO-001-450x338.jpg 450w, https:\/\/tonexbau.sk\/wp-content\/uploads\/Obr\u00e1zok-PESZO-001.jpg 2048w\" data-sizes=\"(max-width: 1030px) 100vw, 1030px\"  data-onclick='1' title='Obr\u00e1zok PESZO 001' ><span class='avia-gallery-big-inner'  itemprop=\"thumbnailUrl\" ><img decoding=\"async\" class=\"wp-image-3802 avia-img-lazy-loading-not-3802\"  width=\"845\" height=\"321\" src=\"https:\/\/tonexbau.sk\/wp-content\/uploads\/Obr\u00e1zok-PESZO-001-845x321.jpg\" title='Obr\u00e1zok PESZO 001' alt='' \/><\/span><\/a><div class='avia-gallery-thumb'><a href=\"https:\/\/tonexbau.sk\/wp-content\/uploads\/Obr\u00e1zok-PESZO-001-1030x773.jpg\" data-srcset=\"https:\/\/tonexbau.sk\/wp-content\/uploads\/Obr\u00e1zok-PESZO-001-1030x773.jpg 1030w, https:\/\/tonexbau.sk\/wp-content\/uploads\/Obr\u00e1zok-PESZO-001-600x450.jpg 600w, https:\/\/tonexbau.sk\/wp-content\/uploads\/Obr\u00e1zok-PESZO-001-768x576.jpg 768w, https:\/\/tonexbau.sk\/wp-content\/uploads\/Obr\u00e1zok-PESZO-001-1500x1125.jpg 1500w, https:\/\/tonexbau.sk\/wp-content\/uploads\/Obr\u00e1zok-PESZO-001-705x529.jpg 705w, https:\/\/tonexbau.sk\/wp-content\/uploads\/Obr\u00e1zok-PESZO-001-450x338.jpg 450w, https:\/\/tonexbau.sk\/wp-content\/uploads\/Obr\u00e1zok-PESZO-001.jpg 2048w\" data-sizes=\"(max-width: 1030px) 100vw, 1030px\" data-rel='gallery-2' data-prev-img='https:\/\/tonexbau.sk\/wp-content\/uploads\/Obr\u00e1zok-PESZO-001-845x321.jpg' class='first_thumb lightbox ' data-onclick='1' title='Obr\u00e1zok PESZO 001'  itemprop=\"thumbnailUrl\"  ><img decoding=\"async\" class=\"wp-image-3802 avia-img-lazy-loading-not-3802\"   src=\"https:\/\/tonexbau.sk\/wp-content\/uploads\/Obr\u00e1zok-PESZO-001-845x321.jpg\" width=\"845\" height=\"321\"  title='Obr\u00e1zok PESZO 001' alt='' \/><div class='big-prev-fake'><img decoding=\"async\" class=\"wp-image-3802 avia-img-lazy-loading-3802\"  width=\"845\" height=\"321\" src=\"https:\/\/tonexbau.sk\/wp-content\/uploads\/Obr\u00e1zok-PESZO-001-845x321.jpg\" title='Obr\u00e1zok PESZO 001' alt='' \/><\/div><\/a><a href=\"https:\/\/tonexbau.sk\/wp-content\/uploads\/Obr\u00e1zok-PESZO-006-1030x773.jpg\" data-srcset=\"https:\/\/tonexbau.sk\/wp-content\/uploads\/Obr\u00e1zok-PESZO-006-1030x773.jpg 1030w, https:\/\/tonexbau.sk\/wp-content\/uploads\/Obr\u00e1zok-PESZO-006-600x450.jpg 600w, https:\/\/tonexbau.sk\/wp-content\/uploads\/Obr\u00e1zok-PESZO-006-768x576.jpg 768w, https:\/\/tonexbau.sk\/wp-content\/uploads\/Obr\u00e1zok-PESZO-006-1500x1125.jpg 1500w, https:\/\/tonexbau.sk\/wp-content\/uploads\/Obr\u00e1zok-PESZO-006-705x529.jpg 705w, https:\/\/tonexbau.sk\/wp-content\/uploads\/Obr\u00e1zok-PESZO-006-450x338.jpg 450w, https:\/\/tonexbau.sk\/wp-content\/uploads\/Obr\u00e1zok-PESZO-006.jpg 2048w\" data-sizes=\"(max-width: 1030px) 100vw, 1030px\" data-rel='gallery-2' data-prev-img='https:\/\/tonexbau.sk\/wp-content\/uploads\/Obr\u00e1zok-PESZO-006-845x321.jpg' class='lightbox ' data-onclick='2' title='Obr\u00e1zok PESZO 006'  itemprop=\"thumbnailUrl\"  ><img decoding=\"async\" class=\"wp-image-3804 avia-img-lazy-loading-not-3804\"   src=\"https:\/\/tonexbau.sk\/wp-content\/uploads\/Obr\u00e1zok-PESZO-006-845x321.jpg\" width=\"845\" height=\"321\"  title='Obr\u00e1zok PESZO 006' alt='' \/><div class='big-prev-fake'><img decoding=\"async\" class=\"wp-image-3804 avia-img-lazy-loading-3804\"  width=\"845\" height=\"321\" src=\"https:\/\/tonexbau.sk\/wp-content\/uploads\/Obr\u00e1zok-PESZO-006-845x321.jpg\" title='Obr\u00e1zok PESZO 006' alt='' \/><\/div><\/a><\/div><\/div>\n","protected":false},"excerpt":{"rendered":"","protected":false},"author":1,"featured_media":0,"parent":3664,"menu_order":0,"comment_status":"closed","ping_status":"closed","template":"","meta":{"footnotes":""},"yoast_head":"<!-- This site is optimized with the Yoast SEO plugin v22.5 - https:\/\/yoast.com\/wordpress\/plugins\/seo\/ -->\n<title>Egy\u00e9b | Referenci\u00e1k \u2013 Tonex Baucentrum<\/title>\n<meta name=\"description\" content=\"Itt tekintheti meg azon referencia munk\u00e1inkat, melyek kateg\u00f3ri\u00e1ba nehezen sorolhat\u00f3k, m\u00e9gis \u00e9rdemes l\u00e1tni \u0151ket.\" \/>\n<meta name=\"robots\" content=\"index, follow, max-snippet:-1, max-image-preview:large, max-video-preview:-1\" \/>\n<link rel=\"canonical\" href=\"https:\/\/tonexbau.sk\/hu\/referenciak\/egyeb\/\" \/>\n<meta property=\"og:locale\" content=\"hu_HU\" \/>\n<meta property=\"og:type\" content=\"article\" \/>\n<meta property=\"og:title\" content=\"Egy\u00e9b | Referenci\u00e1k \u2013 Tonex Baucentrum\" \/>\n<meta property=\"og:description\" content=\"Itt tekintheti meg azon referencia munk\u00e1inkat, melyek kateg\u00f3ri\u00e1ba nehezen sorolhat\u00f3k, m\u00e9gis \u00e9rdemes l\u00e1tni \u0151ket.\" \/>\n<meta property=\"og:url\" content=\"https:\/\/tonexbau.sk\/hu\/referenciak\/egyeb\/\" \/>\n<meta property=\"og:site_name\" content=\"Tonex Baucentrum\" \/>\n<meta property=\"article:publisher\" content=\"https:\/\/www.facebook.com\/tonexbaucentrum\/\" \/>\n<meta property=\"article:modified_time\" content=\"2018-08-24T17:16:29+00:00\" \/>\n<meta name=\"twitter:card\" content=\"summary_large_image\" \/>\n<meta name=\"twitter:label1\" content=\"Becs\u00fclt olvas\u00e1si id\u0151\" \/>\n\t<meta name=\"twitter:data1\" content=\"2 perc\" \/>\n<script type=\"application\/ld+json\" class=\"yoast-schema-graph\">{\"@context\":\"https:\/\/schema.org\",\"@graph\":[{\"@type\":\"WebPage\",\"@id\":\"https:\/\/tonexbau.sk\/hu\/referenciak\/egyeb\/\",\"url\":\"https:\/\/tonexbau.sk\/hu\/referenciak\/egyeb\/\",\"name\":\"Egy\u00e9b | Referenci\u00e1k \u2013 Tonex Baucentrum\",\"isPartOf\":{\"@id\":\"https:\/\/tonexbau.sk\/hu\/#website\"},\"datePublished\":\"2018-07-07T13:16:34+00:00\",\"dateModified\":\"2018-08-24T17:16:29+00:00\",\"description\":\"Itt tekintheti meg azon referencia munk\u00e1inkat, melyek kateg\u00f3ri\u00e1ba nehezen sorolhat\u00f3k, m\u00e9gis \u00e9rdemes l\u00e1tni \u0151ket.\",\"breadcrumb\":{\"@id\":\"https:\/\/tonexbau.sk\/hu\/referenciak\/egyeb\/#breadcrumb\"},\"inLanguage\":\"hu\",\"potentialAction\":[{\"@type\":\"ReadAction\",\"target\":[\"https:\/\/tonexbau.sk\/hu\/referenciak\/egyeb\/\"]}]},{\"@type\":\"BreadcrumbList\",\"@id\":\"https:\/\/tonexbau.sk\/hu\/referenciak\/egyeb\/#breadcrumb\",\"itemListElement\":[{\"@type\":\"ListItem\",\"position\":1,\"name\":\"Home\",\"item\":\"https:\/\/tonexbau.sk\/hu\/fooldal\/\"},{\"@type\":\"ListItem\",\"position\":2,\"name\":\"Referenci\u00e1k\",\"item\":\"https:\/\/tonexbau.sk\/hu\/referenciak\/\"},{\"@type\":\"ListItem\",\"position\":3,\"name\":\"Egy\u00e9b\"}]},{\"@type\":\"WebSite\",\"@id\":\"https:\/\/tonexbau.sk\/hu\/#website\",\"url\":\"https:\/\/tonexbau.sk\/hu\/\",\"name\":\"Tonex Baucentrum\",\"description\":\"Vytv\u00e1rame hodnotu, prin\u00e1\u0161ame rados\u0165 na\u0161\u00edm z\u00e1kazn\u00edkom.\",\"publisher\":{\"@id\":\"https:\/\/tonexbau.sk\/hu\/#organization\"},\"potentialAction\":[{\"@type\":\"SearchAction\",\"target\":{\"@type\":\"EntryPoint\",\"urlTemplate\":\"https:\/\/tonexbau.sk\/hu\/?s={search_term_string}\"},\"query-input\":\"required name=search_term_string\"}],\"inLanguage\":\"hu\"},{\"@type\":\"Organization\",\"@id\":\"https:\/\/tonexbau.sk\/hu\/#organization\",\"name\":\"Tonex Baucentrum\",\"url\":\"https:\/\/tonexbau.sk\/hu\/\",\"logo\":{\"@type\":\"ImageObject\",\"inLanguage\":\"hu\",\"@id\":\"https:\/\/tonexbau.sk\/hu\/#\/schema\/logo\/image\/\",\"url\":\"https:\/\/tonexbau.sk\/wp-content\/uploads\/2018\/04\/TONEX-C2.png\",\"contentUrl\":\"https:\/\/tonexbau.sk\/wp-content\/uploads\/2018\/04\/TONEX-C2.png\",\"width\":1461,\"height\":399,\"caption\":\"Tonex Baucentrum\"},\"image\":{\"@id\":\"https:\/\/tonexbau.sk\/hu\/#\/schema\/logo\/image\/\"},\"sameAs\":[\"https:\/\/www.facebook.com\/tonexbaucentrum\/\"]}]}<\/script>\n<!-- \/ Yoast SEO plugin. -->","yoast_head_json":{"title":"Egy\u00e9b | Referenci\u00e1k \u2013 Tonex Baucentrum","description":"Itt tekintheti meg azon referencia munk\u00e1inkat, melyek kateg\u00f3ri\u00e1ba nehezen sorolhat\u00f3k, m\u00e9gis \u00e9rdemes l\u00e1tni \u0151ket.","robots":{"index":"index","follow":"follow","max-snippet":"max-snippet:-1","max-image-preview":"max-image-preview:large","max-video-preview":"max-video-preview:-1"},"canonical":"https:\/\/tonexbau.sk\/hu\/referenciak\/egyeb\/","og_locale":"hu_HU","og_type":"article","og_title":"Egy\u00e9b | Referenci\u00e1k \u2013 Tonex Baucentrum","og_description":"Itt tekintheti meg azon referencia munk\u00e1inkat, melyek kateg\u00f3ri\u00e1ba nehezen sorolhat\u00f3k, m\u00e9gis \u00e9rdemes l\u00e1tni \u0151ket.","og_url":"https:\/\/tonexbau.sk\/hu\/referenciak\/egyeb\/","og_site_name":"Tonex Baucentrum","article_publisher":"https:\/\/www.facebook.com\/tonexbaucentrum\/","article_modified_time":"2018-08-24T17:16:29+00:00","twitter_card":"summary_large_image","twitter_misc":{"Becs\u00fclt olvas\u00e1si id\u0151":"2 perc"},"schema":{"@context":"https:\/\/schema.org","@graph":[{"@type":"WebPage","@id":"https:\/\/tonexbau.sk\/hu\/referenciak\/egyeb\/","url":"https:\/\/tonexbau.sk\/hu\/referenciak\/egyeb\/","name":"Egy\u00e9b | Referenci\u00e1k \u2013 Tonex Baucentrum","isPartOf":{"@id":"https:\/\/tonexbau.sk\/hu\/#website"},"datePublished":"2018-07-07T13:16:34+00:00","dateModified":"2018-08-24T17:16:29+00:00","description":"Itt tekintheti meg azon referencia munk\u00e1inkat, melyek kateg\u00f3ri\u00e1ba nehezen sorolhat\u00f3k, m\u00e9gis \u00e9rdemes l\u00e1tni \u0151ket.","breadcrumb":{"@id":"https:\/\/tonexbau.sk\/hu\/referenciak\/egyeb\/#breadcrumb"},"inLanguage":"hu","potentialAction":[{"@type":"ReadAction","target":["https:\/\/tonexbau.sk\/hu\/referenciak\/egyeb\/"]}]},{"@type":"BreadcrumbList","@id":"https:\/\/tonexbau.sk\/hu\/referenciak\/egyeb\/#breadcrumb","itemListElement":[{"@type":"ListItem","position":1,"name":"Home","item":"https:\/\/tonexbau.sk\/hu\/fooldal\/"},{"@type":"ListItem","position":2,"name":"Referenci\u00e1k","item":"https:\/\/tonexbau.sk\/hu\/referenciak\/"},{"@type":"ListItem","position":3,"name":"Egy\u00e9b"}]},{"@type":"WebSite","@id":"https:\/\/tonexbau.sk\/hu\/#website","url":"https:\/\/tonexbau.sk\/hu\/","name":"Tonex Baucentrum","description":"Vytv\u00e1rame hodnotu, prin\u00e1\u0161ame rados\u0165 na\u0161\u00edm z\u00e1kazn\u00edkom.","publisher":{"@id":"https:\/\/tonexbau.sk\/hu\/#organization"},"potentialAction":[{"@type":"SearchAction","target":{"@type":"EntryPoint","urlTemplate":"https:\/\/tonexbau.sk\/hu\/?s={search_term_string}"},"query-input":"required name=search_term_string"}],"inLanguage":"hu"},{"@type":"Organization","@id":"https:\/\/tonexbau.sk\/hu\/#organization","name":"Tonex Baucentrum","url":"https:\/\/tonexbau.sk\/hu\/","logo":{"@type":"ImageObject","inLanguage":"hu","@id":"https:\/\/tonexbau.sk\/hu\/#\/schema\/logo\/image\/","url":"https:\/\/tonexbau.sk\/wp-content\/uploads\/2018\/04\/TONEX-C2.png","contentUrl":"https:\/\/tonexbau.sk\/wp-content\/uploads\/2018\/04\/TONEX-C2.png","width":1461,"height":399,"caption":"Tonex Baucentrum"},"image":{"@id":"https:\/\/tonexbau.sk\/hu\/#\/schema\/logo\/image\/"},"sameAs":["https:\/\/www.facebook.com\/tonexbaucentrum\/"]}]}},"_links":{"self":[{"href":"https:\/\/tonexbau.sk\/hu\/wp-json\/wp\/v2\/pages\/4170"}],"collection":[{"href":"https:\/\/tonexbau.sk\/hu\/wp-json\/wp\/v2\/pages"}],"about":[{"href":"https:\/\/tonexbau.sk\/hu\/wp-json\/wp\/v2\/types\/page"}],"author":[{"embeddable":true,"href":"https:\/\/tonexbau.sk\/hu\/wp-json\/wp\/v2\/users\/1"}],"replies":[{"embeddable":true,"href":"https:\/\/tonexbau.sk\/hu\/wp-json\/wp\/v2\/comments?post=4170"}],"version-history":[{"count":0,"href":"https:\/\/tonexbau.sk\/hu\/wp-json\/wp\/v2\/pages\/4170\/revisions"}],"up":[{"embeddable":true,"href":"https:\/\/tonexbau.sk\/hu\/wp-json\/wp\/v2\/pages\/3664"}],"wp:attachment":[{"href":"https:\/\/tonexbau.sk\/hu\/wp-json\/wp\/v2\/media?parent=4170"}],"curies":[{"name":"wp","href":"https:\/\/api.w.org\/{rel}","templated":true}]}}