{"id":4164,"date":"2018-07-07T15:07:03","date_gmt":"2018-07-07T13:07:03","guid":{"rendered":"http:\/\/tonexbau.sk\/?page_id=4164"},"modified":"2018-08-24T19:14:05","modified_gmt":"2018-08-24T17:14:05","slug":"idosek-otthona","status":"publish","type":"page","link":"https:\/\/tonexbau.sk\/hu\/referenciak\/idosek-otthona\/","title":{"rendered":"Id\u0151sek otthona"},"content":{"rendered":"<div id='av_section_1'  class='avia-section av-jj9rbqok-ce9ee288c11e19a789ffc111e13c8fed alternate_color avia-section-small avia-no-border-styling  avia-builder-el-0  el_before_av_textblock  avia-builder-el-first  avia-bg-style-scroll container_wrap sidebar_right'  ><div class='container av-section-cont-open' ><main  role=\"main\" itemprop=\"mainContentOfPage\"  class='template-page content  av-content-small alpha units'><div class='post-entry post-entry-type-page post-entry-4164'><div class='entry-content-wrapper clearfix'>\n<section  class='av_textblock_section av-jj9rp7ke-0cc59554dd8f5b47816a48693c135553 '   itemscope=\"itemscope\" itemtype=\"https:\/\/schema.org\/CreativeWork\" ><div class='avia_textblock'  itemprop=\"text\" ><p style=\"text-align: center; font-size: 24px;\"><span style=\"color: #ffffff;\"><strong>Id\u0151sek otthona<\/strong><\/span><\/p>\n<\/div><\/section>\n<\/div><\/div><\/main><!-- close content main element --><\/div><\/div><div id='after_section_1'  class='main_color av_default_container_wrap container_wrap sidebar_right'  ><div class='container av-section-cont-open' ><div class='template-page content  av-content-small alpha units'><div class='post-entry post-entry-type-page post-entry-4164'><div class='entry-content-wrapper clearfix'><section  class='av_textblock_section av-2ps3jt-978735a070f2af5b26945e40c0a67c49 '   itemscope=\"itemscope\" itemtype=\"https:\/\/schema.org\/CreativeWork\" ><div class='avia_textblock'  itemprop=\"text\" ><h2 style=\"text-align: center;\">2010 &#8211; 2012<\/h2>\n<h3 style=\"text-align: center;\">Id\u0151sek otthona &#8211;\u00a0 A, B, C (2016) Blokk &#8211; Zlatn\u00e1 na Ostrove &#8211; (Csall\u00f3k\u00f6zaranyos)<\/h3>\n<\/div><\/section><\/p>\n\n<style type=\"text\/css\" data-created_by=\"avia_inline_auto\" id=\"style-css-av-jja4r6wc-f83620b47226a161877c79d650991cb7\">\n#top .avia-gallery.av-jja4r6wc-f83620b47226a161877c79d650991cb7 .avia-gallery-thumb a{\nwidth:20%;\n}\n<\/style>\n<div  class='avia-gallery av-jja4r6wc-f83620b47226a161877c79d650991cb7 avia_animate_when_visible  avia-builder-el-3  el_after_av_textblock  avia-builder-el-last  avia_lazyload av-slideshow-ui av-loop-manual-endless av-control-hidden av-navigate-arrows av-navigate-dots hover-effect av-control-hidden avia-gallery-animate avia-gallery-1'  itemprop=\"image\" itemscope=\"itemscope\" itemtype=\"https:\/\/schema.org\/ImageObject\" ><meta itemprop=\"contentURL\" content=\"https:\/\/tonexbau.sk\/hu\/referenciak\/idosek-otthona\/\"><a class='avia-gallery-big fakeLightbox lightbox avia-gallery-big-crop-thumb ' href=\"https:\/\/tonexbau.sk\/wp-content\/uploads\/2.jpg\" data-srcset=\"https:\/\/tonexbau.sk\/wp-content\/uploads\/\/2.jpg 960w, https:\/\/tonexbau.sk\/wp-content\/uploads\/\/2-600x338.jpg 600w, https:\/\/tonexbau.sk\/wp-content\/uploads\/\/2-768x432.jpg 768w, https:\/\/tonexbau.sk\/wp-content\/uploads\/\/2-705x397.jpg 705w, https:\/\/tonexbau.sk\/wp-content\/uploads\/\/2-450x253.jpg 450w\" data-sizes=\"(max-width: 960px) 100vw, 960px\"  data-onclick='1' title='2' ><span class='avia-gallery-big-inner'  itemprop=\"thumbnailUrl\" ><img decoding=\"async\" class=\"wp-image-3842 avia-img-lazy-loading-not-3842\"  width=\"845\" height=\"321\" src=\"https:\/\/tonexbau.sk\/wp-content\/uploads\/2-845x321.jpg\" title='2' alt='' \/><\/span><\/a><div class='avia-gallery-thumb'><a href=\"https:\/\/tonexbau.sk\/wp-content\/uploads\/2.jpg\" data-srcset=\"https:\/\/tonexbau.sk\/wp-content\/uploads\/\/2.jpg 960w, https:\/\/tonexbau.sk\/wp-content\/uploads\/\/2-600x338.jpg 600w, https:\/\/tonexbau.sk\/wp-content\/uploads\/\/2-768x432.jpg 768w, https:\/\/tonexbau.sk\/wp-content\/uploads\/\/2-705x397.jpg 705w, https:\/\/tonexbau.sk\/wp-content\/uploads\/\/2-450x253.jpg 450w\" data-sizes=\"(max-width: 960px) 100vw, 960px\" data-rel='gallery-1' data-prev-img='https:\/\/tonexbau.sk\/wp-content\/uploads\/2-845x321.jpg' class='first_thumb lightbox ' data-onclick='1' title='2'  itemprop=\"thumbnailUrl\"  ><img decoding=\"async\" class=\"wp-image-3842 avia-img-lazy-loading-not-3842\"   src=\"https:\/\/tonexbau.sk\/wp-content\/uploads\/2-845x321.jpg\" width=\"845\" height=\"321\"  title='2' alt='' \/><div class='big-prev-fake'><img decoding=\"async\" class=\"wp-image-3842 avia-img-lazy-loading-3842\"  width=\"845\" height=\"321\" src=\"https:\/\/tonexbau.sk\/wp-content\/uploads\/2-845x321.jpg\" title='2' alt='' \/><\/div><\/a><a href=\"https:\/\/tonexbau.sk\/wp-content\/uploads\/4-1030x685.jpg\" data-srcset=\"https:\/\/tonexbau.sk\/wp-content\/uploads\/4-1030x685.jpg 1030w, https:\/\/tonexbau.sk\/wp-content\/uploads\/4-600x399.jpg 600w, https:\/\/tonexbau.sk\/wp-content\/uploads\/4-768x511.jpg 768w, https:\/\/tonexbau.sk\/wp-content\/uploads\/4-1500x998.jpg 1500w, https:\/\/tonexbau.sk\/wp-content\/uploads\/4-705x469.jpg 705w, https:\/\/tonexbau.sk\/wp-content\/uploads\/4-450x299.jpg 450w, https:\/\/tonexbau.sk\/wp-content\/uploads\/4.jpg 2048w\" data-sizes=\"(max-width: 1030px) 100vw, 1030px\" data-rel='gallery-1' data-prev-img='https:\/\/tonexbau.sk\/wp-content\/uploads\/4-845x321.jpg' class='lightbox ' data-onclick='2' title='4'  itemprop=\"thumbnailUrl\"  ><img decoding=\"async\" class=\"wp-image-3846 avia-img-lazy-loading-not-3846\"   src=\"https:\/\/tonexbau.sk\/wp-content\/uploads\/4-845x321.jpg\" width=\"845\" height=\"321\"  title='4' alt='' \/><div class='big-prev-fake'><img decoding=\"async\" class=\"wp-image-3846 avia-img-lazy-loading-3846\"  width=\"845\" height=\"321\" src=\"https:\/\/tonexbau.sk\/wp-content\/uploads\/4-845x321.jpg\" title='4' alt='' \/><\/div><\/a><a href=\"https:\/\/tonexbau.sk\/wp-content\/uploads\/6-1030x773.jpg\" data-srcset=\"https:\/\/tonexbau.sk\/wp-content\/uploads\/6-1030x773.jpg 1030w, https:\/\/tonexbau.sk\/wp-content\/uploads\/6-600x450.jpg 600w, https:\/\/tonexbau.sk\/wp-content\/uploads\/6-768x576.jpg 768w, https:\/\/tonexbau.sk\/wp-content\/uploads\/6-1500x1125.jpg 1500w, https:\/\/tonexbau.sk\/wp-content\/uploads\/6-705x529.jpg 705w, https:\/\/tonexbau.sk\/wp-content\/uploads\/6-450x338.jpg 450w, https:\/\/tonexbau.sk\/wp-content\/uploads\/6.jpg 2048w\" data-sizes=\"(max-width: 1030px) 100vw, 1030px\" data-rel='gallery-1' data-prev-img='https:\/\/tonexbau.sk\/wp-content\/uploads\/6-845x321.jpg' class='lightbox ' data-onclick='3' title='6'  itemprop=\"thumbnailUrl\"  ><img decoding=\"async\" class=\"wp-image-3850 avia-img-lazy-loading-not-3850\"   src=\"https:\/\/tonexbau.sk\/wp-content\/uploads\/6-845x321.jpg\" width=\"845\" height=\"321\"  title='6' alt='' \/><div class='big-prev-fake'><img decoding=\"async\" class=\"wp-image-3850 avia-img-lazy-loading-3850\"  width=\"845\" height=\"321\" src=\"https:\/\/tonexbau.sk\/wp-content\/uploads\/6-845x321.jpg\" title='6' alt='' \/><\/div><\/a><a href=\"https:\/\/tonexbau.sk\/wp-content\/uploads\/DSC_2497-1030x685.jpg\" data-srcset=\"https:\/\/tonexbau.sk\/wp-content\/uploads\/DSC_2497-1030x685.jpg 1030w, https:\/\/tonexbau.sk\/wp-content\/uploads\/DSC_2497-600x399.jpg 600w, https:\/\/tonexbau.sk\/wp-content\/uploads\/DSC_2497-768x511.jpg 768w, https:\/\/tonexbau.sk\/wp-content\/uploads\/DSC_2497-1500x998.jpg 1500w, https:\/\/tonexbau.sk\/wp-content\/uploads\/DSC_2497-705x469.jpg 705w, https:\/\/tonexbau.sk\/wp-content\/uploads\/DSC_2497-450x299.jpg 450w, https:\/\/tonexbau.sk\/wp-content\/uploads\/DSC_2497.jpg 2048w\" data-sizes=\"(max-width: 1030px) 100vw, 1030px\" data-rel='gallery-1' data-prev-img='https:\/\/tonexbau.sk\/wp-content\/uploads\/DSC_2497-845x321.jpg' class='lightbox ' data-onclick='4' title='DSC_2497'  itemprop=\"thumbnailUrl\"  ><img decoding=\"async\" class=\"wp-image-3856 avia-img-lazy-loading-not-3856\"   src=\"https:\/\/tonexbau.sk\/wp-content\/uploads\/DSC_2497-845x321.jpg\" width=\"845\" height=\"321\"  title='DSC_2497' alt='' \/><div class='big-prev-fake'><img decoding=\"async\" class=\"wp-image-3856 avia-img-lazy-loading-3856\"  width=\"845\" height=\"321\" src=\"https:\/\/tonexbau.sk\/wp-content\/uploads\/DSC_2497-845x321.jpg\" title='DSC_2497' alt='' \/><\/div><\/a><a href=\"https:\/\/tonexbau.sk\/wp-content\/uploads\/1.jpg\" data-srcset=\"https:\/\/tonexbau.sk\/wp-content\/uploads\/1.jpg 960w, https:\/\/tonexbau.sk\/wp-content\/uploads\/1-600x338.jpg 600w, https:\/\/tonexbau.sk\/wp-content\/uploads\/1-768x432.jpg 768w, https:\/\/tonexbau.sk\/wp-content\/uploads\/1-705x397.jpg 705w, https:\/\/tonexbau.sk\/wp-content\/uploads\/1-450x253.jpg 450w\" data-sizes=\"(max-width: 960px) 100vw, 960px\" data-rel='gallery-1' data-prev-img='https:\/\/tonexbau.sk\/wp-content\/uploads\/1-845x321.jpg' class='lightbox ' data-onclick='5' title='1'  itemprop=\"thumbnailUrl\"  ><img decoding=\"async\" class=\"wp-image-3840 avia-img-lazy-loading-not-3840\"   src=\"https:\/\/tonexbau.sk\/wp-content\/uploads\/1-845x321.jpg\" width=\"845\" height=\"321\"  title='1' alt='' \/><div class='big-prev-fake'><img decoding=\"async\" class=\"wp-image-3840 avia-img-lazy-loading-3840\"  width=\"845\" height=\"321\" src=\"https:\/\/tonexbau.sk\/wp-content\/uploads\/1-845x321.jpg\" title='1' alt='' \/><\/div><\/a><a href=\"https:\/\/tonexbau.sk\/wp-content\/uploads\/3.jpg\" data-srcset=\"https:\/\/tonexbau.sk\/wp-content\/uploads\/3.jpg 960w, https:\/\/tonexbau.sk\/wp-content\/uploads\/3-600x338.jpg 600w, https:\/\/tonexbau.sk\/wp-content\/uploads\/3-768x432.jpg 768w, https:\/\/tonexbau.sk\/wp-content\/uploads\/3-705x397.jpg 705w, https:\/\/tonexbau.sk\/wp-content\/uploads\/3-450x253.jpg 450w\" data-sizes=\"(max-width: 960px) 100vw, 960px\" data-rel='gallery-1' data-prev-img='https:\/\/tonexbau.sk\/wp-content\/uploads\/3-845x321.jpg' class='first_thumb lightbox ' data-onclick='6' title='3'  itemprop=\"thumbnailUrl\"  ><img decoding=\"async\" class=\"wp-image-3844 avia-img-lazy-loading-not-3844\"   src=\"https:\/\/tonexbau.sk\/wp-content\/uploads\/3-845x321.jpg\" width=\"845\" height=\"321\"  title='3' alt='' \/><div class='big-prev-fake'><img decoding=\"async\" class=\"wp-image-3844 avia-img-lazy-loading-3844\"  width=\"845\" height=\"321\" src=\"https:\/\/tonexbau.sk\/wp-content\/uploads\/3-845x321.jpg\" title='3' alt='' \/><\/div><\/a><a href=\"https:\/\/tonexbau.sk\/wp-content\/uploads\/DSC00419-1030x773.jpg\" data-srcset=\"https:\/\/tonexbau.sk\/wp-content\/uploads\/DSC00419-1030x773.jpg 1030w, https:\/\/tonexbau.sk\/wp-content\/uploads\/DSC00419-600x450.jpg 600w, https:\/\/tonexbau.sk\/wp-content\/uploads\/DSC00419-768x576.jpg 768w, https:\/\/tonexbau.sk\/wp-content\/uploads\/DSC00419-1500x1125.jpg 1500w, https:\/\/tonexbau.sk\/wp-content\/uploads\/DSC00419-705x529.jpg 705w, https:\/\/tonexbau.sk\/wp-content\/uploads\/DSC00419-450x338.jpg 450w, https:\/\/tonexbau.sk\/wp-content\/uploads\/DSC00419.jpg 2048w\" data-sizes=\"(max-width: 1030px) 100vw, 1030px\" data-rel='gallery-1' data-prev-img='https:\/\/tonexbau.sk\/wp-content\/uploads\/DSC00419-845x321.jpg' class='lightbox ' data-onclick='7' title='DSC00419'  itemprop=\"thumbnailUrl\"  ><img decoding=\"async\" class=\"wp-image-3852 avia-img-lazy-loading-not-3852\"   src=\"https:\/\/tonexbau.sk\/wp-content\/uploads\/DSC00419-845x321.jpg\" width=\"845\" height=\"321\"  title='DSC00419' alt='' \/><div class='big-prev-fake'><img decoding=\"async\" class=\"wp-image-3852 avia-img-lazy-loading-3852\"  width=\"845\" height=\"321\" src=\"https:\/\/tonexbau.sk\/wp-content\/uploads\/DSC00419-845x321.jpg\" title='DSC00419' alt='' \/><\/div><\/a><a href=\"https:\/\/tonexbau.sk\/wp-content\/uploads\/DSC_2494-1030x685.jpg\" data-srcset=\"https:\/\/tonexbau.sk\/wp-content\/uploads\/DSC_2494-1030x685.jpg 1030w, https:\/\/tonexbau.sk\/wp-content\/uploads\/DSC_2494-600x399.jpg 600w, https:\/\/tonexbau.sk\/wp-content\/uploads\/DSC_2494-768x511.jpg 768w, https:\/\/tonexbau.sk\/wp-content\/uploads\/DSC_2494-1500x998.jpg 1500w, https:\/\/tonexbau.sk\/wp-content\/uploads\/DSC_2494-705x469.jpg 705w, https:\/\/tonexbau.sk\/wp-content\/uploads\/DSC_2494-450x299.jpg 450w, https:\/\/tonexbau.sk\/wp-content\/uploads\/DSC_2494.jpg 2048w\" data-sizes=\"(max-width: 1030px) 100vw, 1030px\" data-rel='gallery-1' data-prev-img='https:\/\/tonexbau.sk\/wp-content\/uploads\/DSC_2494-845x321.jpg' class='lightbox ' data-onclick='8' title='DSC_2494'  itemprop=\"thumbnailUrl\"  ><img decoding=\"async\" class=\"wp-image-3854 avia-img-lazy-loading-not-3854\"   src=\"https:\/\/tonexbau.sk\/wp-content\/uploads\/DSC_2494-845x321.jpg\" width=\"845\" height=\"321\"  title='DSC_2494' alt='' \/><div class='big-prev-fake'><img decoding=\"async\" class=\"wp-image-3854 avia-img-lazy-loading-3854\"  width=\"845\" height=\"321\" src=\"https:\/\/tonexbau.sk\/wp-content\/uploads\/DSC_2494-845x321.jpg\" title='DSC_2494' alt='' \/><\/div><\/a><a href=\"https:\/\/tonexbau.sk\/wp-content\/uploads\/5-1030x773.jpg\" data-srcset=\"https:\/\/tonexbau.sk\/wp-content\/uploads\/5-1030x773.jpg 1030w, https:\/\/tonexbau.sk\/wp-content\/uploads\/5-600x450.jpg 600w, https:\/\/tonexbau.sk\/wp-content\/uploads\/5-768x576.jpg 768w, https:\/\/tonexbau.sk\/wp-content\/uploads\/5-1500x1125.jpg 1500w, https:\/\/tonexbau.sk\/wp-content\/uploads\/5-705x529.jpg 705w, https:\/\/tonexbau.sk\/wp-content\/uploads\/5-450x338.jpg 450w, https:\/\/tonexbau.sk\/wp-content\/uploads\/5.jpg 2048w\" data-sizes=\"(max-width: 1030px) 100vw, 1030px\" data-rel='gallery-1' data-prev-img='https:\/\/tonexbau.sk\/wp-content\/uploads\/5-845x321.jpg' class='lightbox ' data-onclick='9' title='5'  itemprop=\"thumbnailUrl\"  ><img decoding=\"async\" class=\"wp-image-3848 avia-img-lazy-loading-not-3848\"   src=\"https:\/\/tonexbau.sk\/wp-content\/uploads\/5-845x321.jpg\" width=\"845\" height=\"321\"  title='5' alt='' \/><div class='big-prev-fake'><img decoding=\"async\" class=\"wp-image-3848 avia-img-lazy-loading-3848\"  width=\"845\" height=\"321\" src=\"https:\/\/tonexbau.sk\/wp-content\/uploads\/5-845x321.jpg\" title='5' alt='' \/><\/div><\/a><\/div><\/div>\n","protected":false},"excerpt":{"rendered":"","protected":false},"author":1,"featured_media":0,"parent":3664,"menu_order":0,"comment_status":"closed","ping_status":"closed","template":"","meta":{"footnotes":""},"yoast_head":"<!-- This site is optimized with the Yoast SEO plugin v22.5 - https:\/\/yoast.com\/wordpress\/plugins\/seo\/ -->\n<title>Id\u0151sek otthona | Referenci\u00e1k \u2013 Tonex Baucentrum<\/title>\n<meta name=\"description\" content=\"Az id\u0151sek otthon\u00e1nak kivitelez\u00e9sekor k\u00fcl\u00f6n\u00f6s figyelmet ford\u00edtottunk a lak\u00f3k k\u00e9nyelm\u00e9re. Tekintse meg k\u00e9pgal\u00e9ri\u00e1nkat, referenci\u00e1inkat!\" \/>\n<meta name=\"robots\" content=\"index, follow, max-snippet:-1, max-image-preview:large, max-video-preview:-1\" \/>\n<link rel=\"canonical\" href=\"https:\/\/tonexbau.sk\/hu\/referenciak\/idosek-otthona\/\" \/>\n<meta property=\"og:locale\" content=\"hu_HU\" \/>\n<meta property=\"og:type\" content=\"article\" \/>\n<meta property=\"og:title\" content=\"Id\u0151sek otthona | Referenci\u00e1k \u2013 Tonex Baucentrum\" \/>\n<meta property=\"og:description\" content=\"Az id\u0151sek otthon\u00e1nak kivitelez\u00e9sekor k\u00fcl\u00f6n\u00f6s figyelmet ford\u00edtottunk a lak\u00f3k k\u00e9nyelm\u00e9re. Tekintse meg k\u00e9pgal\u00e9ri\u00e1nkat, referenci\u00e1inkat!\" \/>\n<meta property=\"og:url\" content=\"https:\/\/tonexbau.sk\/hu\/referenciak\/idosek-otthona\/\" \/>\n<meta property=\"og:site_name\" content=\"Tonex Baucentrum\" \/>\n<meta property=\"article:publisher\" content=\"https:\/\/www.facebook.com\/tonexbaucentrum\/\" \/>\n<meta property=\"article:modified_time\" content=\"2018-08-24T17:14:05+00:00\" \/>\n<meta name=\"twitter:card\" content=\"summary_large_image\" \/>\n<meta name=\"twitter:label1\" content=\"Becs\u00fclt olvas\u00e1si id\u0151\" \/>\n\t<meta name=\"twitter:data1\" content=\"1 perc\" \/>\n<script type=\"application\/ld+json\" class=\"yoast-schema-graph\">{\"@context\":\"https:\/\/schema.org\",\"@graph\":[{\"@type\":\"WebPage\",\"@id\":\"https:\/\/tonexbau.sk\/hu\/referenciak\/idosek-otthona\/\",\"url\":\"https:\/\/tonexbau.sk\/hu\/referenciak\/idosek-otthona\/\",\"name\":\"Id\u0151sek otthona | Referenci\u00e1k \u2013 Tonex Baucentrum\",\"isPartOf\":{\"@id\":\"https:\/\/tonexbau.sk\/hu\/#website\"},\"datePublished\":\"2018-07-07T13:07:03+00:00\",\"dateModified\":\"2018-08-24T17:14:05+00:00\",\"description\":\"Az id\u0151sek otthon\u00e1nak kivitelez\u00e9sekor k\u00fcl\u00f6n\u00f6s figyelmet ford\u00edtottunk a lak\u00f3k k\u00e9nyelm\u00e9re. Tekintse meg k\u00e9pgal\u00e9ri\u00e1nkat, referenci\u00e1inkat!\",\"breadcrumb\":{\"@id\":\"https:\/\/tonexbau.sk\/hu\/referenciak\/idosek-otthona\/#breadcrumb\"},\"inLanguage\":\"hu\",\"potentialAction\":[{\"@type\":\"ReadAction\",\"target\":[\"https:\/\/tonexbau.sk\/hu\/referenciak\/idosek-otthona\/\"]}]},{\"@type\":\"BreadcrumbList\",\"@id\":\"https:\/\/tonexbau.sk\/hu\/referenciak\/idosek-otthona\/#breadcrumb\",\"itemListElement\":[{\"@type\":\"ListItem\",\"position\":1,\"name\":\"Home\",\"item\":\"https:\/\/tonexbau.sk\/hu\/fooldal\/\"},{\"@type\":\"ListItem\",\"position\":2,\"name\":\"Referenci\u00e1k\",\"item\":\"https:\/\/tonexbau.sk\/hu\/referenciak\/\"},{\"@type\":\"ListItem\",\"position\":3,\"name\":\"Id\u0151sek otthona\"}]},{\"@type\":\"WebSite\",\"@id\":\"https:\/\/tonexbau.sk\/hu\/#website\",\"url\":\"https:\/\/tonexbau.sk\/hu\/\",\"name\":\"Tonex Baucentrum\",\"description\":\"Vytv\u00e1rame hodnotu, prin\u00e1\u0161ame rados\u0165 na\u0161\u00edm z\u00e1kazn\u00edkom.\",\"publisher\":{\"@id\":\"https:\/\/tonexbau.sk\/hu\/#organization\"},\"potentialAction\":[{\"@type\":\"SearchAction\",\"target\":{\"@type\":\"EntryPoint\",\"urlTemplate\":\"https:\/\/tonexbau.sk\/hu\/?s={search_term_string}\"},\"query-input\":\"required name=search_term_string\"}],\"inLanguage\":\"hu\"},{\"@type\":\"Organization\",\"@id\":\"https:\/\/tonexbau.sk\/hu\/#organization\",\"name\":\"Tonex Baucentrum\",\"url\":\"https:\/\/tonexbau.sk\/hu\/\",\"logo\":{\"@type\":\"ImageObject\",\"inLanguage\":\"hu\",\"@id\":\"https:\/\/tonexbau.sk\/hu\/#\/schema\/logo\/image\/\",\"url\":\"https:\/\/tonexbau.sk\/wp-content\/uploads\/2018\/04\/TONEX-C2.png\",\"contentUrl\":\"https:\/\/tonexbau.sk\/wp-content\/uploads\/2018\/04\/TONEX-C2.png\",\"width\":1461,\"height\":399,\"caption\":\"Tonex Baucentrum\"},\"image\":{\"@id\":\"https:\/\/tonexbau.sk\/hu\/#\/schema\/logo\/image\/\"},\"sameAs\":[\"https:\/\/www.facebook.com\/tonexbaucentrum\/\"]}]}<\/script>\n<!-- \/ Yoast SEO plugin. -->","yoast_head_json":{"title":"Id\u0151sek otthona | Referenci\u00e1k \u2013 Tonex Baucentrum","description":"Az id\u0151sek otthon\u00e1nak kivitelez\u00e9sekor k\u00fcl\u00f6n\u00f6s figyelmet ford\u00edtottunk a lak\u00f3k k\u00e9nyelm\u00e9re. Tekintse meg k\u00e9pgal\u00e9ri\u00e1nkat, referenci\u00e1inkat!","robots":{"index":"index","follow":"follow","max-snippet":"max-snippet:-1","max-image-preview":"max-image-preview:large","max-video-preview":"max-video-preview:-1"},"canonical":"https:\/\/tonexbau.sk\/hu\/referenciak\/idosek-otthona\/","og_locale":"hu_HU","og_type":"article","og_title":"Id\u0151sek otthona | Referenci\u00e1k \u2013 Tonex Baucentrum","og_description":"Az id\u0151sek otthon\u00e1nak kivitelez\u00e9sekor k\u00fcl\u00f6n\u00f6s figyelmet ford\u00edtottunk a lak\u00f3k k\u00e9nyelm\u00e9re. Tekintse meg k\u00e9pgal\u00e9ri\u00e1nkat, referenci\u00e1inkat!","og_url":"https:\/\/tonexbau.sk\/hu\/referenciak\/idosek-otthona\/","og_site_name":"Tonex Baucentrum","article_publisher":"https:\/\/www.facebook.com\/tonexbaucentrum\/","article_modified_time":"2018-08-24T17:14:05+00:00","twitter_card":"summary_large_image","twitter_misc":{"Becs\u00fclt olvas\u00e1si id\u0151":"1 perc"},"schema":{"@context":"https:\/\/schema.org","@graph":[{"@type":"WebPage","@id":"https:\/\/tonexbau.sk\/hu\/referenciak\/idosek-otthona\/","url":"https:\/\/tonexbau.sk\/hu\/referenciak\/idosek-otthona\/","name":"Id\u0151sek otthona | Referenci\u00e1k \u2013 Tonex Baucentrum","isPartOf":{"@id":"https:\/\/tonexbau.sk\/hu\/#website"},"datePublished":"2018-07-07T13:07:03+00:00","dateModified":"2018-08-24T17:14:05+00:00","description":"Az id\u0151sek otthon\u00e1nak kivitelez\u00e9sekor k\u00fcl\u00f6n\u00f6s figyelmet ford\u00edtottunk a lak\u00f3k k\u00e9nyelm\u00e9re. Tekintse meg k\u00e9pgal\u00e9ri\u00e1nkat, referenci\u00e1inkat!","breadcrumb":{"@id":"https:\/\/tonexbau.sk\/hu\/referenciak\/idosek-otthona\/#breadcrumb"},"inLanguage":"hu","potentialAction":[{"@type":"ReadAction","target":["https:\/\/tonexbau.sk\/hu\/referenciak\/idosek-otthona\/"]}]},{"@type":"BreadcrumbList","@id":"https:\/\/tonexbau.sk\/hu\/referenciak\/idosek-otthona\/#breadcrumb","itemListElement":[{"@type":"ListItem","position":1,"name":"Home","item":"https:\/\/tonexbau.sk\/hu\/fooldal\/"},{"@type":"ListItem","position":2,"name":"Referenci\u00e1k","item":"https:\/\/tonexbau.sk\/hu\/referenciak\/"},{"@type":"ListItem","position":3,"name":"Id\u0151sek otthona"}]},{"@type":"WebSite","@id":"https:\/\/tonexbau.sk\/hu\/#website","url":"https:\/\/tonexbau.sk\/hu\/","name":"Tonex Baucentrum","description":"Vytv\u00e1rame hodnotu, prin\u00e1\u0161ame rados\u0165 na\u0161\u00edm z\u00e1kazn\u00edkom.","publisher":{"@id":"https:\/\/tonexbau.sk\/hu\/#organization"},"potentialAction":[{"@type":"SearchAction","target":{"@type":"EntryPoint","urlTemplate":"https:\/\/tonexbau.sk\/hu\/?s={search_term_string}"},"query-input":"required name=search_term_string"}],"inLanguage":"hu"},{"@type":"Organization","@id":"https:\/\/tonexbau.sk\/hu\/#organization","name":"Tonex Baucentrum","url":"https:\/\/tonexbau.sk\/hu\/","logo":{"@type":"ImageObject","inLanguage":"hu","@id":"https:\/\/tonexbau.sk\/hu\/#\/schema\/logo\/image\/","url":"https:\/\/tonexbau.sk\/wp-content\/uploads\/2018\/04\/TONEX-C2.png","contentUrl":"https:\/\/tonexbau.sk\/wp-content\/uploads\/2018\/04\/TONEX-C2.png","width":1461,"height":399,"caption":"Tonex Baucentrum"},"image":{"@id":"https:\/\/tonexbau.sk\/hu\/#\/schema\/logo\/image\/"},"sameAs":["https:\/\/www.facebook.com\/tonexbaucentrum\/"]}]}},"_links":{"self":[{"href":"https:\/\/tonexbau.sk\/hu\/wp-json\/wp\/v2\/pages\/4164"}],"collection":[{"href":"https:\/\/tonexbau.sk\/hu\/wp-json\/wp\/v2\/pages"}],"about":[{"href":"https:\/\/tonexbau.sk\/hu\/wp-json\/wp\/v2\/types\/page"}],"author":[{"embeddable":true,"href":"https:\/\/tonexbau.sk\/hu\/wp-json\/wp\/v2\/users\/1"}],"replies":[{"embeddable":true,"href":"https:\/\/tonexbau.sk\/hu\/wp-json\/wp\/v2\/comments?post=4164"}],"version-history":[{"count":0,"href":"https:\/\/tonexbau.sk\/hu\/wp-json\/wp\/v2\/pages\/4164\/revisions"}],"up":[{"embeddable":true,"href":"https:\/\/tonexbau.sk\/hu\/wp-json\/wp\/v2\/pages\/3664"}],"wp:attachment":[{"href":"https:\/\/tonexbau.sk\/hu\/wp-json\/wp\/v2\/media?parent=4164"}],"curies":[{"name":"wp","href":"https:\/\/api.w.org\/{rel}","templated":true}]}}