{"id":4150,"date":"2018-07-07T14:41:17","date_gmt":"2018-07-07T12:41:17","guid":{"rendered":"http:\/\/tonexbau.sk\/?page_id=4150"},"modified":"2018-08-24T19:10:48","modified_gmt":"2018-08-24T17:10:48","slug":"autoszalonok","status":"publish","type":"page","link":"https:\/\/tonexbau.sk\/hu\/referenciak\/autoszalonok\/","title":{"rendered":"Aut\u00f3szalonok"},"content":{"rendered":"<div id='av_section_1'  class='avia-section av-jj9rbctj-7c806c756090c775260b9fe6c64efcbc alternate_color avia-section-small avia-no-border-styling  avia-builder-el-0  el_before_av_textblock  avia-builder-el-first  avia-bg-style-scroll container_wrap sidebar_right'  ><div class='container av-section-cont-open' ><main  role=\"main\" itemprop=\"mainContentOfPage\"  class='template-page content  av-content-small alpha units'><div class='post-entry post-entry-type-page post-entry-4150'><div class='entry-content-wrapper clearfix'>\n<section  class='av_textblock_section av-jj9ro81o-9c620001649259588ae5f81972f9cb80 '   itemscope=\"itemscope\" itemtype=\"https:\/\/schema.org\/CreativeWork\" ><div class='avia_textblock'  itemprop=\"text\" ><p style=\"text-align: center; font-size: 24px;\"><span style=\"color: #ffffff;\"><strong>Aut\u00f3szalonok<\/strong><\/span><\/p>\n<\/div><\/section>\n<\/div><\/div><\/main><!-- close content main element --><\/div><\/div><div id='after_section_1'  class='main_color av_default_container_wrap container_wrap sidebar_right'  ><div class='container av-section-cont-open' ><div class='template-page content  av-content-small alpha units'><div class='post-entry post-entry-type-page post-entry-4150'><div class='entry-content-wrapper clearfix'><section  class='av_textblock_section av-3zpwl4-9abb8e9b2473c57e76a6a269722f5767 '   itemscope=\"itemscope\" itemtype=\"https:\/\/schema.org\/CreativeWork\" ><div class='avia_textblock'  itemprop=\"text\" ><h2 style=\"text-align: center;\">2010<\/h2>\n<h3 style=\"text-align: center;\">Toyota Aut\u00f3szalon &#8211; Kom\u00e1rno (Kom\u00e1rom)<\/h3>\n<\/div><\/section><\/p>\n\n<style type=\"text\/css\" data-created_by=\"avia_inline_auto\" id=\"style-css-av-jja4fxfa-ec9c6fb0502c8f083be17c3c0e79ce68\">\n#top .avia-gallery.av-jja4fxfa-ec9c6fb0502c8f083be17c3c0e79ce68 .avia-gallery-thumb a{\nwidth:20%;\n}\n<\/style>\n<div  class='avia-gallery av-jja4fxfa-ec9c6fb0502c8f083be17c3c0e79ce68 avia_animate_when_visible  avia-builder-el-3  el_after_av_textblock  el_before_av_hr  avia_lazyload av-slideshow-ui av-loop-manual-endless av-control-hidden av-navigate-arrows av-navigate-dots hover-effect av-control-hidden avia-gallery-animate avia-gallery-1'  itemprop=\"image\" itemscope=\"itemscope\" itemtype=\"https:\/\/schema.org\/ImageObject\" ><meta itemprop=\"contentURL\" content=\"https:\/\/tonexbau.sk\/hu\/referenciak\/autoszalonok\/\"><a class='avia-gallery-big fakeLightbox lightbox avia-gallery-big-crop-thumb ' href=\"https:\/\/tonexbau.sk\/wp-content\/uploads\/01_TOYOTA-1030x684.jpg\" data-srcset=\"https:\/\/tonexbau.sk\/wp-content\/uploads\/01_TOYOTA-1030x684.jpg 1030w, https:\/\/tonexbau.sk\/wp-content\/uploads\/01_TOYOTA-600x399.jpg 600w, https:\/\/tonexbau.sk\/wp-content\/uploads\/01_TOYOTA-768x510.jpg 768w, https:\/\/tonexbau.sk\/wp-content\/uploads\/01_TOYOTA-1500x996.jpg 1500w, https:\/\/tonexbau.sk\/wp-content\/uploads\/01_TOYOTA-705x468.jpg 705w, https:\/\/tonexbau.sk\/wp-content\/uploads\/01_TOYOTA-450x299.jpg 450w, https:\/\/tonexbau.sk\/wp-content\/uploads\/01_TOYOTA.jpg 2048w\" data-sizes=\"(max-width: 1030px) 100vw, 1030px\"  data-onclick='1' title='01_TOYOTA' ><span class='avia-gallery-big-inner'  itemprop=\"thumbnailUrl\" ><img decoding=\"async\" class=\"wp-image-3860 avia-img-lazy-loading-not-3860\"  width=\"845\" height=\"321\" src=\"https:\/\/tonexbau.sk\/wp-content\/uploads\/01_TOYOTA-845x321.jpg\" title='01_TOYOTA' alt='' \/><\/span><\/a><div class='avia-gallery-thumb'><a href=\"https:\/\/tonexbau.sk\/wp-content\/uploads\/01_TOYOTA-1030x684.jpg\" data-srcset=\"https:\/\/tonexbau.sk\/wp-content\/uploads\/01_TOYOTA-1030x684.jpg 1030w, https:\/\/tonexbau.sk\/wp-content\/uploads\/01_TOYOTA-600x399.jpg 600w, https:\/\/tonexbau.sk\/wp-content\/uploads\/01_TOYOTA-768x510.jpg 768w, https:\/\/tonexbau.sk\/wp-content\/uploads\/01_TOYOTA-1500x996.jpg 1500w, https:\/\/tonexbau.sk\/wp-content\/uploads\/01_TOYOTA-705x468.jpg 705w, https:\/\/tonexbau.sk\/wp-content\/uploads\/01_TOYOTA-450x299.jpg 450w, https:\/\/tonexbau.sk\/wp-content\/uploads\/01_TOYOTA.jpg 2048w\" data-sizes=\"(max-width: 1030px) 100vw, 1030px\" data-rel='gallery-1' data-prev-img='https:\/\/tonexbau.sk\/wp-content\/uploads\/01_TOYOTA-845x321.jpg' class='first_thumb lightbox ' data-onclick='1' title='01_TOYOTA'  itemprop=\"thumbnailUrl\"  ><img decoding=\"async\" class=\"wp-image-3860 avia-img-lazy-loading-not-3860\"   src=\"https:\/\/tonexbau.sk\/wp-content\/uploads\/01_TOYOTA-845x321.jpg\" width=\"845\" height=\"321\"  title='01_TOYOTA' alt='' \/><div class='big-prev-fake'><img decoding=\"async\" class=\"wp-image-3860 avia-img-lazy-loading-3860\"  width=\"845\" height=\"321\" src=\"https:\/\/tonexbau.sk\/wp-content\/uploads\/01_TOYOTA-845x321.jpg\" title='01_TOYOTA' alt='' \/><\/div><\/a><a href=\"https:\/\/tonexbau.sk\/wp-content\/uploads\/03_TOYOTA-1030x684.jpg\" data-srcset=\"https:\/\/tonexbau.sk\/wp-content\/uploads\/03_TOYOTA-1030x684.jpg 1030w, https:\/\/tonexbau.sk\/wp-content\/uploads\/03_TOYOTA-600x399.jpg 600w, https:\/\/tonexbau.sk\/wp-content\/uploads\/03_TOYOTA-768x510.jpg 768w, https:\/\/tonexbau.sk\/wp-content\/uploads\/03_TOYOTA-1500x996.jpg 1500w, https:\/\/tonexbau.sk\/wp-content\/uploads\/03_TOYOTA-705x468.jpg 705w, https:\/\/tonexbau.sk\/wp-content\/uploads\/03_TOYOTA-450x299.jpg 450w, https:\/\/tonexbau.sk\/wp-content\/uploads\/03_TOYOTA.jpg 2048w\" data-sizes=\"(max-width: 1030px) 100vw, 1030px\" data-rel='gallery-1' data-prev-img='https:\/\/tonexbau.sk\/wp-content\/uploads\/03_TOYOTA-845x321.jpg' class='lightbox ' data-onclick='2' title='03_TOYOTA'  itemprop=\"thumbnailUrl\"  ><img decoding=\"async\" class=\"wp-image-3864 avia-img-lazy-loading-not-3864\"   src=\"https:\/\/tonexbau.sk\/wp-content\/uploads\/03_TOYOTA-845x321.jpg\" width=\"845\" height=\"321\"  title='03_TOYOTA' alt='' \/><div class='big-prev-fake'><img decoding=\"async\" class=\"wp-image-3864 avia-img-lazy-loading-3864\"  width=\"845\" height=\"321\" src=\"https:\/\/tonexbau.sk\/wp-content\/uploads\/03_TOYOTA-845x321.jpg\" title='03_TOYOTA' alt='' \/><\/div><\/a><a href=\"https:\/\/tonexbau.sk\/wp-content\/uploads\/02_TOYOTA-1030x684.jpg\" data-srcset=\"https:\/\/tonexbau.sk\/wp-content\/uploads\/02_TOYOTA-1030x684.jpg 1030w, https:\/\/tonexbau.sk\/wp-content\/uploads\/02_TOYOTA-600x399.jpg 600w, https:\/\/tonexbau.sk\/wp-content\/uploads\/02_TOYOTA-768x510.jpg 768w, https:\/\/tonexbau.sk\/wp-content\/uploads\/02_TOYOTA-1500x996.jpg 1500w, https:\/\/tonexbau.sk\/wp-content\/uploads\/02_TOYOTA-705x468.jpg 705w, https:\/\/tonexbau.sk\/wp-content\/uploads\/02_TOYOTA-450x299.jpg 450w, https:\/\/tonexbau.sk\/wp-content\/uploads\/02_TOYOTA.jpg 2048w\" data-sizes=\"(max-width: 1030px) 100vw, 1030px\" data-rel='gallery-1' data-prev-img='https:\/\/tonexbau.sk\/wp-content\/uploads\/02_TOYOTA-845x321.jpg' class='lightbox ' data-onclick='3' title='02_TOYOTA'  itemprop=\"thumbnailUrl\"  ><img decoding=\"async\" class=\"wp-image-3862 avia-img-lazy-loading-not-3862\"   src=\"https:\/\/tonexbau.sk\/wp-content\/uploads\/02_TOYOTA-845x321.jpg\" width=\"845\" height=\"321\"  title='02_TOYOTA' alt='' \/><div class='big-prev-fake'><img decoding=\"async\" class=\"wp-image-3862 avia-img-lazy-loading-3862\"  width=\"845\" height=\"321\" src=\"https:\/\/tonexbau.sk\/wp-content\/uploads\/02_TOYOTA-845x321.jpg\" title='02_TOYOTA' alt='' \/><\/div><\/a><\/div><\/div>\n<div  class='hr av-jja4ehmy-8faa40ce22e6fa6f8c656bcc82a9c60d hr-short  avia-builder-el-4  el_after_av_gallery  el_before_av_textblock  hr-center'><span class='hr-inner '><span class=\"hr-inner-style\"><\/span><\/span><\/div>\n<section  class='av_textblock_section av-35bifs-e97cea9424b6e996d561443e4ec748ad '   itemscope=\"itemscope\" itemtype=\"https:\/\/schema.org\/CreativeWork\" ><div class='avia_textblock'  itemprop=\"text\" ><h2 style=\"text-align: center;\">2006<\/h2>\n<h3 style=\"text-align: center;\">Suzuki Aut\u00f3szalon &#8211; Kom\u00e1rno (Kom\u00e1rom)<\/h3>\n<\/div><\/section>\n\n<style type=\"text\/css\" data-created_by=\"avia_inline_auto\" id=\"style-css-av-jja4fxfa-77fc5ffd4f158605221631cc8bdeb195\">\n#top .avia-gallery.av-jja4fxfa-77fc5ffd4f158605221631cc8bdeb195 .avia-gallery-thumb a{\nwidth:20%;\n}\n<\/style>\n<div  class='avia-gallery av-jja4fxfa-77fc5ffd4f158605221631cc8bdeb195 avia_animate_when_visible  avia-builder-el-6  el_after_av_textblock  avia-builder-el-last  avia_lazyload av-slideshow-ui av-loop-manual-endless av-control-hidden av-navigate-arrows av-navigate-dots hover-effect av-control-hidden avia-gallery-animate avia-gallery-2'  itemprop=\"image\" itemscope=\"itemscope\" itemtype=\"https:\/\/schema.org\/ImageObject\" ><meta itemprop=\"contentURL\" content=\"https:\/\/tonexbau.sk\/hu\/referenciak\/autoszalonok\/\"><a class='avia-gallery-big fakeLightbox lightbox avia-gallery-big-crop-thumb ' href=\"https:\/\/tonexbau.sk\/wp-content\/uploads\/2006-Autosal\u00f3n-SUZUKI-Kom\u00e1rno-1030x685.jpg\" data-srcset=\"https:\/\/tonexbau.sk\/wp-content\/uploads\/\/2006-Autosal\u00f3n-SUZUKI-Kom\u00e1rno-1030x685.jpg 1030w, https:\/\/tonexbau.sk\/wp-content\/uploads\/\/2006-Autosal\u00f3n-SUZUKI-Kom\u00e1rno-600x399.jpg 600w, https:\/\/tonexbau.sk\/wp-content\/uploads\/\/2006-Autosal\u00f3n-SUZUKI-Kom\u00e1rno-768x511.jpg 768w, https:\/\/tonexbau.sk\/wp-content\/uploads\/\/2006-Autosal\u00f3n-SUZUKI-Kom\u00e1rno-1500x998.jpg 1500w, https:\/\/tonexbau.sk\/wp-content\/uploads\/\/2006-Autosal\u00f3n-SUZUKI-Kom\u00e1rno-705x469.jpg 705w, https:\/\/tonexbau.sk\/wp-content\/uploads\/\/2006-Autosal\u00f3n-SUZUKI-Kom\u00e1rno-450x299.jpg 450w\" data-sizes=\"(max-width: 1030px) 100vw, 1030px\"  data-onclick='1' title='2006 Autosal\u00f3n SUZUKI Kom\u00e1rno' ><span class='avia-gallery-big-inner'  itemprop=\"thumbnailUrl\" ><img decoding=\"async\" class=\"wp-image-3858 avia-img-lazy-loading-not-3858\"  width=\"845\" height=\"321\" src=\"https:\/\/tonexbau.sk\/wp-content\/uploads\/2006-Autosal\u00f3n-SUZUKI-Kom\u00e1rno-845x321.jpg\" title='2006 Autosal\u00f3n SUZUKI Kom\u00e1rno' alt='' \/><\/span><\/a><div class='avia-gallery-thumb'><a href=\"https:\/\/tonexbau.sk\/wp-content\/uploads\/2006-Autosal\u00f3n-SUZUKI-Kom\u00e1rno-1030x685.jpg\" data-srcset=\"https:\/\/tonexbau.sk\/wp-content\/uploads\/\/2006-Autosal\u00f3n-SUZUKI-Kom\u00e1rno-1030x685.jpg 1030w, https:\/\/tonexbau.sk\/wp-content\/uploads\/\/2006-Autosal\u00f3n-SUZUKI-Kom\u00e1rno-600x399.jpg 600w, https:\/\/tonexbau.sk\/wp-content\/uploads\/\/2006-Autosal\u00f3n-SUZUKI-Kom\u00e1rno-768x511.jpg 768w, https:\/\/tonexbau.sk\/wp-content\/uploads\/\/2006-Autosal\u00f3n-SUZUKI-Kom\u00e1rno-1500x998.jpg 1500w, https:\/\/tonexbau.sk\/wp-content\/uploads\/\/2006-Autosal\u00f3n-SUZUKI-Kom\u00e1rno-705x469.jpg 705w, https:\/\/tonexbau.sk\/wp-content\/uploads\/\/2006-Autosal\u00f3n-SUZUKI-Kom\u00e1rno-450x299.jpg 450w\" data-sizes=\"(max-width: 1030px) 100vw, 1030px\" data-rel='gallery-2' data-prev-img='https:\/\/tonexbau.sk\/wp-content\/uploads\/2006-Autosal\u00f3n-SUZUKI-Kom\u00e1rno-845x321.jpg' class='first_thumb lightbox ' data-onclick='1' title='2006 Autosal\u00f3n SUZUKI Kom\u00e1rno'  itemprop=\"thumbnailUrl\"  ><img decoding=\"async\" class=\"wp-image-3858 avia-img-lazy-loading-not-3858\"   src=\"https:\/\/tonexbau.sk\/wp-content\/uploads\/2006-Autosal\u00f3n-SUZUKI-Kom\u00e1rno-845x321.jpg\" width=\"845\" height=\"321\"  title='2006 Autosal\u00f3n SUZUKI Kom\u00e1rno' alt='' \/><div class='big-prev-fake'><img decoding=\"async\" class=\"wp-image-3858 avia-img-lazy-loading-3858\"  width=\"845\" height=\"321\" src=\"https:\/\/tonexbau.sk\/wp-content\/uploads\/2006-Autosal\u00f3n-SUZUKI-Kom\u00e1rno-845x321.jpg\" title='2006 Autosal\u00f3n SUZUKI Kom\u00e1rno' alt='' \/><\/div><\/a><\/div><\/div>\n","protected":false},"excerpt":{"rendered":"","protected":false},"author":1,"featured_media":0,"parent":3664,"menu_order":0,"comment_status":"closed","ping_status":"closed","template":"","meta":{"footnotes":""},"yoast_head":"<!-- This site is optimized with the Yoast SEO plugin v22.5 - https:\/\/yoast.com\/wordpress\/plugins\/seo\/ -->\n<title>Aut\u00f3szalonok | Referenci\u00e1k \u2013 Tonex Baucentrum<\/title>\n<meta name=\"description\" content=\"Tekintse meg a c\u00e9g\u00fcnk \u00e1ltal \u00e9p\u00edtett aut\u00f3szalonokat, vagy tekintse meg egy\u00e9b referencia munk\u00e1inkat!\" \/>\n<meta name=\"robots\" content=\"index, follow, max-snippet:-1, max-image-preview:large, max-video-preview:-1\" \/>\n<link rel=\"canonical\" href=\"https:\/\/tonexbau.sk\/hu\/referenciak\/autoszalonok\/\" \/>\n<meta property=\"og:locale\" content=\"hu_HU\" \/>\n<meta property=\"og:type\" content=\"article\" \/>\n<meta property=\"og:title\" content=\"Aut\u00f3szalonok | Referenci\u00e1k \u2013 Tonex Baucentrum\" \/>\n<meta property=\"og:description\" content=\"Tekintse meg a c\u00e9g\u00fcnk \u00e1ltal \u00e9p\u00edtett aut\u00f3szalonokat, vagy tekintse meg egy\u00e9b referencia munk\u00e1inkat!\" \/>\n<meta property=\"og:url\" content=\"https:\/\/tonexbau.sk\/hu\/referenciak\/autoszalonok\/\" \/>\n<meta property=\"og:site_name\" content=\"Tonex Baucentrum\" \/>\n<meta property=\"article:publisher\" content=\"https:\/\/www.facebook.com\/tonexbaucentrum\/\" \/>\n<meta property=\"article:modified_time\" content=\"2018-08-24T17:10:48+00:00\" \/>\n<meta name=\"twitter:card\" content=\"summary_large_image\" \/>\n<meta name=\"twitter:label1\" content=\"Becs\u00fclt olvas\u00e1si id\u0151\" \/>\n\t<meta name=\"twitter:data1\" content=\"2 perc\" \/>\n<script type=\"application\/ld+json\" class=\"yoast-schema-graph\">{\"@context\":\"https:\/\/schema.org\",\"@graph\":[{\"@type\":\"WebPage\",\"@id\":\"https:\/\/tonexbau.sk\/hu\/referenciak\/autoszalonok\/\",\"url\":\"https:\/\/tonexbau.sk\/hu\/referenciak\/autoszalonok\/\",\"name\":\"Aut\u00f3szalonok | Referenci\u00e1k \u2013 Tonex Baucentrum\",\"isPartOf\":{\"@id\":\"https:\/\/tonexbau.sk\/hu\/#website\"},\"datePublished\":\"2018-07-07T12:41:17+00:00\",\"dateModified\":\"2018-08-24T17:10:48+00:00\",\"description\":\"Tekintse meg a c\u00e9g\u00fcnk \u00e1ltal \u00e9p\u00edtett aut\u00f3szalonokat, vagy tekintse meg egy\u00e9b referencia munk\u00e1inkat!\",\"breadcrumb\":{\"@id\":\"https:\/\/tonexbau.sk\/hu\/referenciak\/autoszalonok\/#breadcrumb\"},\"inLanguage\":\"hu\",\"potentialAction\":[{\"@type\":\"ReadAction\",\"target\":[\"https:\/\/tonexbau.sk\/hu\/referenciak\/autoszalonok\/\"]}]},{\"@type\":\"BreadcrumbList\",\"@id\":\"https:\/\/tonexbau.sk\/hu\/referenciak\/autoszalonok\/#breadcrumb\",\"itemListElement\":[{\"@type\":\"ListItem\",\"position\":1,\"name\":\"Home\",\"item\":\"https:\/\/tonexbau.sk\/hu\/fooldal\/\"},{\"@type\":\"ListItem\",\"position\":2,\"name\":\"Referenci\u00e1k\",\"item\":\"https:\/\/tonexbau.sk\/hu\/referenciak\/\"},{\"@type\":\"ListItem\",\"position\":3,\"name\":\"Aut\u00f3szalonok\"}]},{\"@type\":\"WebSite\",\"@id\":\"https:\/\/tonexbau.sk\/hu\/#website\",\"url\":\"https:\/\/tonexbau.sk\/hu\/\",\"name\":\"Tonex Baucentrum\",\"description\":\"Vytv\u00e1rame hodnotu, prin\u00e1\u0161ame rados\u0165 na\u0161\u00edm z\u00e1kazn\u00edkom.\",\"publisher\":{\"@id\":\"https:\/\/tonexbau.sk\/hu\/#organization\"},\"potentialAction\":[{\"@type\":\"SearchAction\",\"target\":{\"@type\":\"EntryPoint\",\"urlTemplate\":\"https:\/\/tonexbau.sk\/hu\/?s={search_term_string}\"},\"query-input\":\"required name=search_term_string\"}],\"inLanguage\":\"hu\"},{\"@type\":\"Organization\",\"@id\":\"https:\/\/tonexbau.sk\/hu\/#organization\",\"name\":\"Tonex Baucentrum\",\"url\":\"https:\/\/tonexbau.sk\/hu\/\",\"logo\":{\"@type\":\"ImageObject\",\"inLanguage\":\"hu\",\"@id\":\"https:\/\/tonexbau.sk\/hu\/#\/schema\/logo\/image\/\",\"url\":\"https:\/\/tonexbau.sk\/wp-content\/uploads\/2018\/04\/TONEX-C2.png\",\"contentUrl\":\"https:\/\/tonexbau.sk\/wp-content\/uploads\/2018\/04\/TONEX-C2.png\",\"width\":1461,\"height\":399,\"caption\":\"Tonex Baucentrum\"},\"image\":{\"@id\":\"https:\/\/tonexbau.sk\/hu\/#\/schema\/logo\/image\/\"},\"sameAs\":[\"https:\/\/www.facebook.com\/tonexbaucentrum\/\"]}]}<\/script>\n<!-- \/ Yoast SEO plugin. -->","yoast_head_json":{"title":"Aut\u00f3szalonok | Referenci\u00e1k \u2013 Tonex Baucentrum","description":"Tekintse meg a c\u00e9g\u00fcnk \u00e1ltal \u00e9p\u00edtett aut\u00f3szalonokat, vagy tekintse meg egy\u00e9b referencia munk\u00e1inkat!","robots":{"index":"index","follow":"follow","max-snippet":"max-snippet:-1","max-image-preview":"max-image-preview:large","max-video-preview":"max-video-preview:-1"},"canonical":"https:\/\/tonexbau.sk\/hu\/referenciak\/autoszalonok\/","og_locale":"hu_HU","og_type":"article","og_title":"Aut\u00f3szalonok | Referenci\u00e1k \u2013 Tonex Baucentrum","og_description":"Tekintse meg a c\u00e9g\u00fcnk \u00e1ltal \u00e9p\u00edtett aut\u00f3szalonokat, vagy tekintse meg egy\u00e9b referencia munk\u00e1inkat!","og_url":"https:\/\/tonexbau.sk\/hu\/referenciak\/autoszalonok\/","og_site_name":"Tonex Baucentrum","article_publisher":"https:\/\/www.facebook.com\/tonexbaucentrum\/","article_modified_time":"2018-08-24T17:10:48+00:00","twitter_card":"summary_large_image","twitter_misc":{"Becs\u00fclt olvas\u00e1si id\u0151":"2 perc"},"schema":{"@context":"https:\/\/schema.org","@graph":[{"@type":"WebPage","@id":"https:\/\/tonexbau.sk\/hu\/referenciak\/autoszalonok\/","url":"https:\/\/tonexbau.sk\/hu\/referenciak\/autoszalonok\/","name":"Aut\u00f3szalonok | Referenci\u00e1k \u2013 Tonex Baucentrum","isPartOf":{"@id":"https:\/\/tonexbau.sk\/hu\/#website"},"datePublished":"2018-07-07T12:41:17+00:00","dateModified":"2018-08-24T17:10:48+00:00","description":"Tekintse meg a c\u00e9g\u00fcnk \u00e1ltal \u00e9p\u00edtett aut\u00f3szalonokat, vagy tekintse meg egy\u00e9b referencia munk\u00e1inkat!","breadcrumb":{"@id":"https:\/\/tonexbau.sk\/hu\/referenciak\/autoszalonok\/#breadcrumb"},"inLanguage":"hu","potentialAction":[{"@type":"ReadAction","target":["https:\/\/tonexbau.sk\/hu\/referenciak\/autoszalonok\/"]}]},{"@type":"BreadcrumbList","@id":"https:\/\/tonexbau.sk\/hu\/referenciak\/autoszalonok\/#breadcrumb","itemListElement":[{"@type":"ListItem","position":1,"name":"Home","item":"https:\/\/tonexbau.sk\/hu\/fooldal\/"},{"@type":"ListItem","position":2,"name":"Referenci\u00e1k","item":"https:\/\/tonexbau.sk\/hu\/referenciak\/"},{"@type":"ListItem","position":3,"name":"Aut\u00f3szalonok"}]},{"@type":"WebSite","@id":"https:\/\/tonexbau.sk\/hu\/#website","url":"https:\/\/tonexbau.sk\/hu\/","name":"Tonex Baucentrum","description":"Vytv\u00e1rame hodnotu, prin\u00e1\u0161ame rados\u0165 na\u0161\u00edm z\u00e1kazn\u00edkom.","publisher":{"@id":"https:\/\/tonexbau.sk\/hu\/#organization"},"potentialAction":[{"@type":"SearchAction","target":{"@type":"EntryPoint","urlTemplate":"https:\/\/tonexbau.sk\/hu\/?s={search_term_string}"},"query-input":"required name=search_term_string"}],"inLanguage":"hu"},{"@type":"Organization","@id":"https:\/\/tonexbau.sk\/hu\/#organization","name":"Tonex Baucentrum","url":"https:\/\/tonexbau.sk\/hu\/","logo":{"@type":"ImageObject","inLanguage":"hu","@id":"https:\/\/tonexbau.sk\/hu\/#\/schema\/logo\/image\/","url":"https:\/\/tonexbau.sk\/wp-content\/uploads\/2018\/04\/TONEX-C2.png","contentUrl":"https:\/\/tonexbau.sk\/wp-content\/uploads\/2018\/04\/TONEX-C2.png","width":1461,"height":399,"caption":"Tonex Baucentrum"},"image":{"@id":"https:\/\/tonexbau.sk\/hu\/#\/schema\/logo\/image\/"},"sameAs":["https:\/\/www.facebook.com\/tonexbaucentrum\/"]}]}},"_links":{"self":[{"href":"https:\/\/tonexbau.sk\/hu\/wp-json\/wp\/v2\/pages\/4150"}],"collection":[{"href":"https:\/\/tonexbau.sk\/hu\/wp-json\/wp\/v2\/pages"}],"about":[{"href":"https:\/\/tonexbau.sk\/hu\/wp-json\/wp\/v2\/types\/page"}],"author":[{"embeddable":true,"href":"https:\/\/tonexbau.sk\/hu\/wp-json\/wp\/v2\/users\/1"}],"replies":[{"embeddable":true,"href":"https:\/\/tonexbau.sk\/hu\/wp-json\/wp\/v2\/comments?post=4150"}],"version-history":[{"count":0,"href":"https:\/\/tonexbau.sk\/hu\/wp-json\/wp\/v2\/pages\/4150\/revisions"}],"up":[{"embeddable":true,"href":"https:\/\/tonexbau.sk\/hu\/wp-json\/wp\/v2\/pages\/3664"}],"wp:attachment":[{"href":"https:\/\/tonexbau.sk\/hu\/wp-json\/wp\/v2\/media?parent=4150"}],"curies":[{"name":"wp","href":"https:\/\/api.w.org\/{rel}","templated":true}]}}