{"id":3583,"date":"2018-06-21T12:42:39","date_gmt":"2018-06-21T10:42:39","guid":{"rendered":"http:\/\/tonexbau.sk\/?page_id=3583"},"modified":"2023-06-26T05:49:01","modified_gmt":"2023-06-26T03:49:01","slug":"kapcsolat","status":"publish","type":"page","link":"https:\/\/tonexbau.sk\/hu\/kapcsolat\/","title":{"rendered":"Kapcsolat"},"content":{"rendered":"<div id='layer_slider_1'  class='avia-layerslider main_color avia-shadow  avia-builder-el-0  el_before_av_three_fifth  avia-builder-el-first  container_wrap sidebar_right'  style='height: 151px;'  ><\/div><div id='after_layer_slider_1'  class='main_color av_default_container_wrap container_wrap sidebar_right'  ><div class='container av-section-cont-open' ><div class='template-page content  av-content-small alpha units'><div class='post-entry post-entry-type-page post-entry-3583'><div class='entry-content-wrapper clearfix'>\n\n<style type=\"text\/css\" data-created_by=\"avia_inline_auto\" id=\"style-css-av-gr8ody-804260c5b238edef08963340077552d4\">\n.flex_column.av-gr8ody-804260c5b238edef08963340077552d4{\n-webkit-border-radius:0px 0px 0px 0px;\n-moz-border-radius:0px 0px 0px 0px;\nborder-radius:0px 0px 0px 0px;\npadding:0px 0px 0px 0px;\n}\n<\/style>\n<div  class='flex_column av-gr8ody-804260c5b238edef08963340077552d4 av_three_fifth  avia-builder-el-1  el_after_av_layerslider  el_before_av_two_fifth  avia-builder-el-first  first flex_column_div av-animated-generic bottom-to-top av-zero-column-padding  '     ><form action=\"https:\/\/tonexbau.sk\/hu\/kapcsolat\/\" method=\"post\" data-fields-with-error=\"Found errors in the following field(s):\" class=\"avia_ajax_form av-form-labels-hidden   avia-builder-el-2  avia-builder-el-no-sibling  av-centered-form   \" data-avia-form-id=\"1\" data-avia-redirect='' ><h3 class=''>K\u00e9rd\u00e9se van? K\u00fcldj\u00f6n \u00fczenetet!<\/h3><fieldset><p class='  first_form  form_element form_fullwidth' id='element_avia_1_1'><label for=\"avia_1_1\">N\u00e9v <abbr class=\"required\" title=\"required\">*<\/abbr><\/label> <input name=\"avia_1_1\" class=\"text_input is_empty\" type=\"text\" id=\"avia_1_1\" value=\"\"  placeholder='N\u00e9v*'\/><\/p><p class='  first_form  form_element form_fullwidth' id='element_avia_2_1'><label for=\"avia_2_1\">E-mail c\u00edm <abbr class=\"required\" title=\"required\">*<\/abbr><\/label> <input name=\"avia_2_1\" class=\"text_input is_email\" type=\"text\" id=\"avia_2_1\" value=\"\"  placeholder='E-mail c\u00edm*'\/><\/p><p class='  first_form  form_element form_fullwidth av-last-visible-form-element' id='element_avia_3_1'><label for=\"avia_3_1\" class=\"textare_label hidden textare_label_avia_3_1\">\u00dczenet <abbr class=\"required\" title=\"required\">*<\/abbr><\/label><textarea  placeholder='\u00dczenet*' name=\"avia_3_1\" class=\"text_area is_empty\" cols=\"40\" rows=\"7\" id=\"avia_3_1\" ><\/textarea><\/p><p class=\"hidden\"><input type=\"text\" name=\"avia_4_1\" class=\"hidden \" id=\"avia_4_1\" value=\"\" \/><\/p><p class=\"form_element \"><input type=\"hidden\" value=\"1\" name=\"avia_generated_form1\" \/><input type=\"submit\" value=\"\u00dczenet elk\u00fcld\u00e9se\" class=\"button\"  data-sending-label=\"K\u00fcld\u00e9s\"\/><\/p><\/fieldset><\/form><div id=\"ajaxresponse_1\" class=\"ajaxresponse ajaxresponse_1 hidden\"><\/div><\/div>\n\n<style type=\"text\/css\" data-created_by=\"avia_inline_auto\" id=\"style-css-av-2wvkra-2601f28e04fc6991878f9d2b0e098912\">\n.flex_column.av-2wvkra-2601f28e04fc6991878f9d2b0e098912{\n-webkit-border-radius:0px 0px 0px 0px;\n-moz-border-radius:0px 0px 0px 0px;\nborder-radius:0px 0px 0px 0px;\npadding:0px 0px 0px 0px;\n}\n<\/style>\n<div  class='flex_column av-2wvkra-2601f28e04fc6991878f9d2b0e098912 av_two_fifth  avia-builder-el-3  el_after_av_three_fifth  el_before_av_section  avia-builder-el-last  flex_column_div av-animated-generic bottom-to-top av-zero-column-padding  '     ><section  class='av_textblock_section av-jibvp3b9-f29cad23347b93c91abe5c6beef72ad1 '   itemscope=\"itemscope\" itemtype=\"https:\/\/schema.org\/CreativeWork\" ><div class='avia_textblock'  itemprop=\"text\" ><h3 style=\"text-align: center; padding-top: 30px;\">A c\u00e9g sz\u00e9khelye<\/h3>\n<p style=\"text-align: center; padding-top: 10px; padding-bottom: 10px;\"><span style=\"color: #000000; font-weight: 600;\">TONEX, spol. s r.o.<\/span><br \/>\nDunajsk\u00e9 n\u00e1br. 1152<br \/>\n945 01 Kom\u00e1rno<\/p>\n<p style=\"text-align: center;\"><span style=\"color: #000000; font-weight: 600;\">Statisztikai sz\u00e1mjel &#8211;\u00a0<\/span>31429220<br \/>\n<span style=\"color: #000000; font-weight: 600;\">Ad\u00f3sz\u00e1m &#8211;\u00a0<\/span>2020399326<br \/>\n<span style=\"color: #000000; font-weight: 600;\">K\u00f6z. ad\u00f3sz\u00e1m &#8211;\u00a0<\/span>SK2020399326<\/p>\n<h3 style=\"text-align: center; padding-top: 15px;\">Nyitvatart\u00e1si id\u0151<\/h3>\n<p style=\"text-align: center;\">H\u00e9tf\u0151 &#8211; P\u00e9ntek: 7:00 &#8211; 18:00<br \/>\nSzombat: 8:00 &#8211; 12:00<\/p>\n<\/div><\/section><\/div>\n<\/div><\/div><\/div><!-- close content main div --><\/div><\/div><div id='av_section_1'  class='avia-section av-3ye06-24b3fcd73dba9a0c7e8246b35f3aad81 alternate_color avia-section-default avia-no-border-styling  avia-builder-el-5  el_after_av_two_fifth  el_before_av_google_map  avia-bg-style-scroll container_wrap sidebar_right'  ><div class='container av-section-cont-open' ><div class='template-page content  av-content-small alpha units'><div class='post-entry post-entry-type-page post-entry-3583'><div class='entry-content-wrapper clearfix'>\n<section  class='av_textblock_section av-jiiqytwh-f5ee7a4257a4a33db06e78b58793b311 '   itemscope=\"itemscope\" itemtype=\"https:\/\/schema.org\/CreativeWork\" ><div class='avia_textblock'  itemprop=\"text\" ><h2 style=\"text-align: center;\">M\u00e1r tudja, kit keres?<\/h2>\n<\/div><\/section>\n<div  class='avia-testimonial-wrapper av-jiirbja1-1f3549740563cc3d08960537fd78c4a2 avia-grid-testimonials avia-grid-3-testimonials avia_animate_when_almost_visible' >\n<section class=\"avia-testimonial-row\"><div class='avia-testimonial av-i3h0bj-7789d71de1094369b48aae192e752995 avia-testimonial-row-1 avia-first-testimonial flex_column no_margin av_one_third'><div class='avia-testimonial_inner'  itemscope=\"itemscope\" itemtype=\"https:\/\/schema.org\/CreativeWork\" ><div class='avia-testimonial-content '><div class='avia-testimonial-markup-entry-content'  itemprop=\"text\" ><h3 style=\"text-align: center;\">Titk\u00e1rs\u00e1g | El\u0151k\u00e9sz\u00edt\u00e9s<\/h3>\n<p style=\"text-align: center;\"><strong>Varga\u00a0<\/strong><strong>Vikt\u00f3ria<\/strong><\/p>\n<p style=\"text-align: center;\"><i class=\"fa fa-envelope-o \" ><\/i>\u00a0 \u00a0E-mail:\u00a0<a href=\"mailto:vv@baucentrum.sk\">vv@baucentrum.sk<\/a><br \/>\n<i class=\"fa fa-phone \" ><\/i>\u00a0 \u00a0Tel: +421 908 377 777<\/p>\n<\/div><\/div><div class=\"avia-testimonial-meta\"><div class=\"avia-testimonial-arrow-wrap\"><div class=\"avia-arrow\"><\/div><\/div><div class='avia-testimonial-meta-mini'  itemprop=\"author\" itemscope=\"itemscope\" itemtype=\"https:\/\/schema.org\/Person\" ><\/div><\/div><\/div><\/div>\n<div class='avia-testimonial av-1ne2cv-6d4016b81de53e39102e8091a80ba124 avia-testimonial-row-1 flex_column no_margin av_one_third'><div class='avia-testimonial_inner'  itemscope=\"itemscope\" itemtype=\"https:\/\/schema.org\/CreativeWork\" ><div class='avia-testimonial-content '><div class='avia-testimonial-markup-entry-content'  itemprop=\"text\" ><h3 style=\"text-align: center;\">Gazdas\u00e1gi r\u00e9szleg | K\u00f6nyvel\u00e9s<\/h3>\n<p style=\"text-align: center;\"><strong>Rozsny\u00f3\u00a0<\/strong><strong>Angelika<\/strong><\/p>\n<p style=\"text-align: center;\"><i class=\"fa fa-envelope-o \" ><\/i>\u00a0 \u00a0E-mail:\u00a0<a href=\"mailto:sekr@baucentrum.sk\">sekr@baucentrum.sk<\/a><br \/>\n<i class=\"fa fa-phone \" ><\/i>\u00a0 \u00a0Tel: +421 918 407 337<\/p>\n<\/div><\/div><div class=\"avia-testimonial-meta\"><div class=\"avia-testimonial-arrow-wrap\"><div class=\"avia-arrow\"><\/div><\/div><div class='avia-testimonial-meta-mini'  itemprop=\"author\" itemscope=\"itemscope\" itemtype=\"https:\/\/schema.org\/Person\" ><\/div><\/div><\/div><\/div>\n<div class='avia-testimonial av-e5omlr-97bb1ba8965d57d7624a1f66fac1e5da avia-testimonial-row-1 avia-last-testimonial flex_column no_margin av_one_third'><div class='avia-testimonial_inner'  itemscope=\"itemscope\" itemtype=\"https:\/\/schema.org\/CreativeWork\" ><div class='avia-testimonial-content '><div class='avia-testimonial-markup-entry-content'  itemprop=\"text\" ><h3 style=\"text-align: center;\">K\u00f6lts\u00e9gvet\u00e9si r\u00e9szleg |\u00a0ISO manager<\/h3>\n<p style=\"text-align: center;\"><strong>Ing. M\u00e9sz\u00e1ros\u00a0<\/strong><strong>Andrea<\/strong><\/p>\n<p style=\"text-align: center;\"><i class=\"fa fa-envelope-o \" ><\/i>\u00a0 \u00a0E-mail:\u00a0<a href=\"mailto:ma@baucentrum.sk\">ma@baucentrum.sk<\/a><br \/>\n<i class=\"fa fa-phone \" ><\/i>\u00a0 \u00a0Tel: +421 908 731 794<\/p>\n<\/div><\/div><div class=\"avia-testimonial-meta\"><div class=\"avia-testimonial-arrow-wrap\"><div class=\"avia-arrow\"><\/div><\/div><div class='avia-testimonial-meta-mini'  itemprop=\"author\" itemscope=\"itemscope\" itemtype=\"https:\/\/schema.org\/Person\" ><\/div><\/div><\/div><\/div><\/section>\n<section class=\"avia-testimonial-row\"><div class='avia-testimonial av-cgurq7-a7f2b1c17b310805dd42501acd91bc4f avia-testimonial-row-2 avia-first-testimonial flex_column no_margin av_one_third'><div class='avia-testimonial_inner'  itemscope=\"itemscope\" itemtype=\"https:\/\/schema.org\/CreativeWork\" ><div class='avia-testimonial-content '><div class='avia-testimonial-markup-entry-content'  itemprop=\"text\" ><h3 style=\"text-align: center;\">\u00c9p\u00edt\u00e9svezet\u0151 | \u00c9p\u00fcletfel\u00fcgyelet<\/h3>\n<p style=\"text-align: center;\"><strong>Ing. \u00c1g\u00a0<\/strong><strong>Tibor<\/strong><\/p>\n<p style=\"text-align: center;\"><i class=\"fa fa-envelope-o \" ><\/i>\u00a0 \u00a0E-mail:\u00a0<a href=\"mailto:ag@baucentrum.sk\">ag@baucentrum.sk<\/a><br \/>\n<i class=\"fa fa-phone \" ><\/i>\u00a0 \u00a0Tel: +421 911 400 602<\/p>\n<\/div><\/div><div class=\"avia-testimonial-meta\"><div class=\"avia-testimonial-arrow-wrap\"><div class=\"avia-arrow\"><\/div><\/div><div class='avia-testimonial-meta-mini'  itemprop=\"author\" itemscope=\"itemscope\" itemtype=\"https:\/\/schema.org\/Person\" ><\/div><\/div><\/div><\/div>\n<div class='avia-testimonial av-appyqn-a464aa99259f41eca3bd28e49792e66a avia-testimonial-row-2 flex_column no_margin av_one_third'><div class='avia-testimonial_inner'  itemscope=\"itemscope\" itemtype=\"https:\/\/schema.org\/CreativeWork\" ><div class='avia-testimonial-content '><div class='avia-testimonial-markup-entry-content'  itemprop=\"text\" ><h3 style=\"text-align: center;\">\u00c9p\u00edt\u00e9svezet\u0151 | El\u0151k\u00e9sz\u00edt\u00e9s<\/h3>\n<p style=\"text-align: center;\"><strong>Ing. Vy\u0161ehradsk\u00fd<\/strong><strong>\u00a0Attila<\/strong><\/p>\n<p style=\"text-align: center;\"><i class=\"fa fa-envelope-o \" ><\/i>\u00a0 \u00a0E-mail:\u00a0<a href=\"mailto:sekr@baucentrum.sk\">sekr@baucentrum.sk<\/a><br \/>\n<i class=\"fa fa-phone \" ><\/i>\u00a0 \u00a0Tel: +421 907 312 331<\/p>\n<\/div><\/div><div class=\"avia-testimonial-meta\"><div class=\"avia-testimonial-arrow-wrap\"><div class=\"avia-arrow\"><\/div><\/div><div class='avia-testimonial-meta-mini'  itemprop=\"author\" itemscope=\"itemscope\" itemtype=\"https:\/\/schema.org\/Person\" ><\/div><\/div><\/div><\/div>\n<div class='avia-testimonial av-9tiucf-b33bf9efe2eca3aeb959622ba73d2357 avia-testimonial-row-2 avia-last-testimonial flex_column no_margin av_one_third'><div class='avia-testimonial_inner'  itemscope=\"itemscope\" itemtype=\"https:\/\/schema.org\/CreativeWork\" ><div class='avia-testimonial-content '><div class='avia-testimonial-markup-entry-content'  itemprop=\"text\" ><h3 style=\"text-align: center;\">\u00c9p\u00edt\u00e9szmester<\/h3>\n<p style=\"text-align: center;\"><strong>V\u00f6r\u00f6s\u00a0<\/strong><strong>Lajos\u00a0<\/strong><\/p>\n<p style=\"text-align: center;\"><i class=\"fa fa-phone \" ><\/i>\u00a0 \u00a0Tel: +421 917 362 960<\/p>\n<\/div><\/div><div class=\"avia-testimonial-meta\"><div class=\"avia-testimonial-arrow-wrap\"><div class=\"avia-arrow\"><\/div><\/div><div class='avia-testimonial-meta-mini'  itemprop=\"author\" itemscope=\"itemscope\" itemtype=\"https:\/\/schema.org\/Person\" ><\/div><\/div><\/div><\/div><\/section>\n<section class=\"avia-testimonial-row\"><div class='avia-testimonial av-2vr2n3-63ad0931e96f0fe1f1c685da4b17fedb avia-testimonial-row-3 avia-first-testimonial flex_column no_margin av_one_third'><div class='avia-testimonial_inner'  itemscope=\"itemscope\" itemtype=\"https:\/\/schema.org\/CreativeWork\" ><div class='avia-testimonial-content '><div class='avia-testimonial-markup-entry-content'  itemprop=\"text\" ><h3 style=\"text-align: center;\">Technikai r\u00e9szlegvezet\u0151<\/h3>\n<p style=\"text-align: center;\"><strong>Ing. Kiss<\/strong><strong>\u00a0Guszt\u00e1v<\/strong><\/p>\n<p style=\"text-align: center;\"><i class=\"fa fa-envelope-o \" ><\/i>\u00a0 \u00a0E-mail:\u00a0<a href=\"mailto:kiss@baucentrum.sk\">kiss@baucentrum.sk<\/a><br \/>\n<i class=\"fa fa-phone \" ><\/i>\u00a0 \u00a0Tel: +421 905 437 130<\/p>\n<\/div><\/div><div class=\"avia-testimonial-meta\"><div class=\"avia-testimonial-arrow-wrap\"><div class=\"avia-arrow\"><\/div><\/div><div class='avia-testimonial-meta-mini'  itemprop=\"author\" itemscope=\"itemscope\" itemtype=\"https:\/\/schema.org\/Person\" ><\/div><\/div><\/div><\/div>\n<div class='avia-testimonial av-56boj3-a9aabf812864e6904eeab8b6f47eebac avia-testimonial-row-3 flex_column no_margin av_one_third'><div class='avia-testimonial_inner'  itemscope=\"itemscope\" itemtype=\"https:\/\/schema.org\/CreativeWork\" ><div class='avia-testimonial-content '><div class='avia-testimonial-markup-entry-content'  itemprop=\"text\" ><h3 style=\"text-align: center;\">\u00dcgyvezet\u0151 |\u00a0\u00c9p\u00edt\u00e9svezet\u0151<\/h3>\n<p style=\"text-align: center;\"><strong>Ing. Farkas<\/strong><strong>\u00a0Csaba<\/strong><\/p>\n<p style=\"text-align: center;\"><i class=\"fa fa-envelope-o \" ><\/i>\u00a0 \u00a0E-mail:\u00a0<a href=\"mailto:farkas@baucentrum.sk\">farkas@baucentrum.sk<\/a><br \/>\n<i class=\"fa fa-phone \" ><\/i>\u00a0 \u00a0Tel: +421 905 604 806<\/p>\n<\/div><\/div><div class=\"avia-testimonial-meta\"><div class=\"avia-testimonial-arrow-wrap\"><div class=\"avia-arrow\"><\/div><\/div><div class='avia-testimonial-meta-mini'  itemprop=\"author\" itemscope=\"itemscope\" itemtype=\"https:\/\/schema.org\/Person\" ><\/div><\/div><\/div><\/div>\n<div class='avia-testimonial av-4cjd4v-5591bd3ea64c793fb3e31f9aca1954de avia-testimonial-row-3 avia-last-testimonial flex_column no_margin av_one_third'><div class='avia-testimonial_inner'  itemscope=\"itemscope\" itemtype=\"https:\/\/schema.org\/CreativeWork\" ><div class='avia-testimonial-content '><div class='avia-testimonial-markup-entry-content'  itemprop=\"text\" ><h3 style=\"text-align: center;\">\u00dcgyvezet\u0151 | Tulajdonos<\/h3>\n<p style=\"text-align: center;\"><strong>Ing. Varga<\/strong><strong>\u00a0Zolt\u00e1n<\/strong><\/p>\n<p style=\"text-align: center;\"><i class=\"fa fa-envelope-o \" ><\/i>\u00a0 \u00a0E-mail:\u00a0<a href=\"mailto:varga@baucentrum.sk\">varga@baucentrum.sk<\/a><\/p>\n<\/div><\/div><div class=\"avia-testimonial-meta\"><div class=\"avia-testimonial-arrow-wrap\"><div class=\"avia-arrow\"><\/div><\/div><div class='avia-testimonial-meta-mini'  itemprop=\"author\" itemscope=\"itemscope\" itemtype=\"https:\/\/schema.org\/Person\" ><\/div><\/div><\/div><\/div><\/section>\n<\/div>\n\n<div  class='av_gmaps_sc_main_wrap av_gmaps_main_wrap '><div id='av_gmap_0' class='avia-google-map-container avia-google-map-sc av_gmaps_show_unconditionally av-no-fallback-img ' data-mapid='av_gmap_0'  style='height: 300px;'><a class=\"av_gmaps_browser_disabled av_text_confirm_link av_text_confirm_link_visible\" href=\"https:\/\/www.google.com\/maps\/search\/?api=1&#038;query=Dunajsk\u00e9%20n\u00e1br.%201152%2094501%20Kom\u00e1rno%20Nitriansk\u00fd%20kraj%20Slovakia\" target=\"_blank\" rel=\"noopener\">Maps were disabled by the visitor on this site. Click to open the map in a new window.<\/a><\/div><\/div>\n<p><script src=\"moz-extension:\/\/92d45c28-64dc-4da4-820d-e3170d218294\/js\/app.js\" type=\"text\/javascript\"><\/script><\/p>\n","protected":false},"excerpt":{"rendered":"","protected":false},"author":1,"featured_media":0,"parent":0,"menu_order":0,"comment_status":"closed","ping_status":"closed","template":"","meta":{"footnotes":""},"yoast_head":"<!-- This site is optimized with the Yoast SEO plugin v22.5 - https:\/\/yoast.com\/wordpress\/plugins\/seo\/ -->\n<title>Kapcsolat | El\u00e9rhet\u0151s\u00e9gek - Tonex Baucentrum<\/title>\n<meta name=\"description\" content=\"K\u00e9rd\u00e9se van? L\u00e9pjen vel\u00fcnk kapcsolatba! Oldalunkon minden adott r\u00e9szleg el\u00e9rhet\u0151s\u00e9ge szerepel.\" \/>\n<meta name=\"robots\" content=\"index, follow, max-snippet:-1, max-image-preview:large, max-video-preview:-1\" \/>\n<link rel=\"canonical\" href=\"https:\/\/tonexbau.sk\/hu\/kapcsolat\/\" \/>\n<meta property=\"og:locale\" content=\"hu_HU\" \/>\n<meta property=\"og:type\" content=\"article\" \/>\n<meta property=\"og:title\" content=\"Kapcsolat | El\u00e9rhet\u0151s\u00e9gek - Tonex Baucentrum\" \/>\n<meta property=\"og:description\" content=\"K\u00e9rd\u00e9se van? L\u00e9pjen vel\u00fcnk kapcsolatba! Oldalunkon minden adott r\u00e9szleg el\u00e9rhet\u0151s\u00e9ge szerepel.\" \/>\n<meta property=\"og:url\" content=\"https:\/\/tonexbau.sk\/hu\/kapcsolat\/\" \/>\n<meta property=\"og:site_name\" content=\"Tonex Baucentrum\" \/>\n<meta property=\"article:publisher\" content=\"https:\/\/www.facebook.com\/tonexbaucentrum\/\" \/>\n<meta property=\"article:modified_time\" content=\"2023-06-26T03:49:01+00:00\" \/>\n<meta name=\"twitter:card\" content=\"summary_large_image\" \/>\n<meta name=\"twitter:label1\" content=\"Becs\u00fclt olvas\u00e1si id\u0151\" \/>\n\t<meta name=\"twitter:data1\" content=\"3 perc\" \/>\n<script type=\"application\/ld+json\" class=\"yoast-schema-graph\">{\"@context\":\"https:\/\/schema.org\",\"@graph\":[{\"@type\":\"WebPage\",\"@id\":\"https:\/\/tonexbau.sk\/hu\/kapcsolat\/\",\"url\":\"https:\/\/tonexbau.sk\/hu\/kapcsolat\/\",\"name\":\"Kapcsolat | El\u00e9rhet\u0151s\u00e9gek - Tonex Baucentrum\",\"isPartOf\":{\"@id\":\"https:\/\/tonexbau.sk\/hu\/#website\"},\"datePublished\":\"2018-06-21T10:42:39+00:00\",\"dateModified\":\"2023-06-26T03:49:01+00:00\",\"description\":\"K\u00e9rd\u00e9se van? L\u00e9pjen vel\u00fcnk kapcsolatba! Oldalunkon minden adott r\u00e9szleg el\u00e9rhet\u0151s\u00e9ge szerepel.\",\"breadcrumb\":{\"@id\":\"https:\/\/tonexbau.sk\/hu\/kapcsolat\/#breadcrumb\"},\"inLanguage\":\"hu\",\"potentialAction\":[{\"@type\":\"ReadAction\",\"target\":[\"https:\/\/tonexbau.sk\/hu\/kapcsolat\/\"]}]},{\"@type\":\"BreadcrumbList\",\"@id\":\"https:\/\/tonexbau.sk\/hu\/kapcsolat\/#breadcrumb\",\"itemListElement\":[{\"@type\":\"ListItem\",\"position\":1,\"name\":\"Home\",\"item\":\"https:\/\/tonexbau.sk\/hu\/fooldal\/\"},{\"@type\":\"ListItem\",\"position\":2,\"name\":\"Kapcsolat\"}]},{\"@type\":\"WebSite\",\"@id\":\"https:\/\/tonexbau.sk\/hu\/#website\",\"url\":\"https:\/\/tonexbau.sk\/hu\/\",\"name\":\"Tonex Baucentrum\",\"description\":\"Vytv\u00e1rame hodnotu, prin\u00e1\u0161ame rados\u0165 na\u0161\u00edm z\u00e1kazn\u00edkom.\",\"publisher\":{\"@id\":\"https:\/\/tonexbau.sk\/hu\/#organization\"},\"potentialAction\":[{\"@type\":\"SearchAction\",\"target\":{\"@type\":\"EntryPoint\",\"urlTemplate\":\"https:\/\/tonexbau.sk\/hu\/?s={search_term_string}\"},\"query-input\":\"required name=search_term_string\"}],\"inLanguage\":\"hu\"},{\"@type\":\"Organization\",\"@id\":\"https:\/\/tonexbau.sk\/hu\/#organization\",\"name\":\"Tonex Baucentrum\",\"url\":\"https:\/\/tonexbau.sk\/hu\/\",\"logo\":{\"@type\":\"ImageObject\",\"inLanguage\":\"hu\",\"@id\":\"https:\/\/tonexbau.sk\/hu\/#\/schema\/logo\/image\/\",\"url\":\"https:\/\/tonexbau.sk\/wp-content\/uploads\/2018\/04\/TONEX-C2.png\",\"contentUrl\":\"https:\/\/tonexbau.sk\/wp-content\/uploads\/2018\/04\/TONEX-C2.png\",\"width\":1461,\"height\":399,\"caption\":\"Tonex Baucentrum\"},\"image\":{\"@id\":\"https:\/\/tonexbau.sk\/hu\/#\/schema\/logo\/image\/\"},\"sameAs\":[\"https:\/\/www.facebook.com\/tonexbaucentrum\/\"]}]}<\/script>\n<!-- \/ Yoast SEO plugin. -->","yoast_head_json":{"title":"Kapcsolat | El\u00e9rhet\u0151s\u00e9gek - Tonex Baucentrum","description":"K\u00e9rd\u00e9se van? L\u00e9pjen vel\u00fcnk kapcsolatba! Oldalunkon minden adott r\u00e9szleg el\u00e9rhet\u0151s\u00e9ge szerepel.","robots":{"index":"index","follow":"follow","max-snippet":"max-snippet:-1","max-image-preview":"max-image-preview:large","max-video-preview":"max-video-preview:-1"},"canonical":"https:\/\/tonexbau.sk\/hu\/kapcsolat\/","og_locale":"hu_HU","og_type":"article","og_title":"Kapcsolat | El\u00e9rhet\u0151s\u00e9gek - Tonex Baucentrum","og_description":"K\u00e9rd\u00e9se van? L\u00e9pjen vel\u00fcnk kapcsolatba! Oldalunkon minden adott r\u00e9szleg el\u00e9rhet\u0151s\u00e9ge szerepel.","og_url":"https:\/\/tonexbau.sk\/hu\/kapcsolat\/","og_site_name":"Tonex Baucentrum","article_publisher":"https:\/\/www.facebook.com\/tonexbaucentrum\/","article_modified_time":"2023-06-26T03:49:01+00:00","twitter_card":"summary_large_image","twitter_misc":{"Becs\u00fclt olvas\u00e1si id\u0151":"3 perc"},"schema":{"@context":"https:\/\/schema.org","@graph":[{"@type":"WebPage","@id":"https:\/\/tonexbau.sk\/hu\/kapcsolat\/","url":"https:\/\/tonexbau.sk\/hu\/kapcsolat\/","name":"Kapcsolat | El\u00e9rhet\u0151s\u00e9gek - Tonex Baucentrum","isPartOf":{"@id":"https:\/\/tonexbau.sk\/hu\/#website"},"datePublished":"2018-06-21T10:42:39+00:00","dateModified":"2023-06-26T03:49:01+00:00","description":"K\u00e9rd\u00e9se van? L\u00e9pjen vel\u00fcnk kapcsolatba! Oldalunkon minden adott r\u00e9szleg el\u00e9rhet\u0151s\u00e9ge szerepel.","breadcrumb":{"@id":"https:\/\/tonexbau.sk\/hu\/kapcsolat\/#breadcrumb"},"inLanguage":"hu","potentialAction":[{"@type":"ReadAction","target":["https:\/\/tonexbau.sk\/hu\/kapcsolat\/"]}]},{"@type":"BreadcrumbList","@id":"https:\/\/tonexbau.sk\/hu\/kapcsolat\/#breadcrumb","itemListElement":[{"@type":"ListItem","position":1,"name":"Home","item":"https:\/\/tonexbau.sk\/hu\/fooldal\/"},{"@type":"ListItem","position":2,"name":"Kapcsolat"}]},{"@type":"WebSite","@id":"https:\/\/tonexbau.sk\/hu\/#website","url":"https:\/\/tonexbau.sk\/hu\/","name":"Tonex Baucentrum","description":"Vytv\u00e1rame hodnotu, prin\u00e1\u0161ame rados\u0165 na\u0161\u00edm z\u00e1kazn\u00edkom.","publisher":{"@id":"https:\/\/tonexbau.sk\/hu\/#organization"},"potentialAction":[{"@type":"SearchAction","target":{"@type":"EntryPoint","urlTemplate":"https:\/\/tonexbau.sk\/hu\/?s={search_term_string}"},"query-input":"required name=search_term_string"}],"inLanguage":"hu"},{"@type":"Organization","@id":"https:\/\/tonexbau.sk\/hu\/#organization","name":"Tonex Baucentrum","url":"https:\/\/tonexbau.sk\/hu\/","logo":{"@type":"ImageObject","inLanguage":"hu","@id":"https:\/\/tonexbau.sk\/hu\/#\/schema\/logo\/image\/","url":"https:\/\/tonexbau.sk\/wp-content\/uploads\/2018\/04\/TONEX-C2.png","contentUrl":"https:\/\/tonexbau.sk\/wp-content\/uploads\/2018\/04\/TONEX-C2.png","width":1461,"height":399,"caption":"Tonex Baucentrum"},"image":{"@id":"https:\/\/tonexbau.sk\/hu\/#\/schema\/logo\/image\/"},"sameAs":["https:\/\/www.facebook.com\/tonexbaucentrum\/"]}]}},"_links":{"self":[{"href":"https:\/\/tonexbau.sk\/hu\/wp-json\/wp\/v2\/pages\/3583"}],"collection":[{"href":"https:\/\/tonexbau.sk\/hu\/wp-json\/wp\/v2\/pages"}],"about":[{"href":"https:\/\/tonexbau.sk\/hu\/wp-json\/wp\/v2\/types\/page"}],"author":[{"embeddable":true,"href":"https:\/\/tonexbau.sk\/hu\/wp-json\/wp\/v2\/users\/1"}],"replies":[{"embeddable":true,"href":"https:\/\/tonexbau.sk\/hu\/wp-json\/wp\/v2\/comments?post=3583"}],"version-history":[{"count":3,"href":"https:\/\/tonexbau.sk\/hu\/wp-json\/wp\/v2\/pages\/3583\/revisions"}],"predecessor-version":[{"id":7837,"href":"https:\/\/tonexbau.sk\/hu\/wp-json\/wp\/v2\/pages\/3583\/revisions\/7837"}],"wp:attachment":[{"href":"https:\/\/tonexbau.sk\/hu\/wp-json\/wp\/v2\/media?parent=3583"}],"curies":[{"name":"wp","href":"https:\/\/api.w.org\/{rel}","templated":true}]}}