{"id":3576,"date":"2018-06-21T11:35:24","date_gmt":"2018-06-21T09:35:24","guid":{"rendered":"http:\/\/tonexbau.sk\/?page_id=3576"},"modified":"2018-08-24T18:43:08","modified_gmt":"2018-08-24T16:43:08","slug":"rolunk","status":"publish","type":"page","link":"https:\/\/tonexbau.sk\/hu\/rolunk\/","title":{"rendered":"R\u00f3lunk"},"content":{"rendered":"<div id='layer_slider_1'  class='avia-layerslider main_color avia-shadow  avia-builder-el-0  el_before_av_one_full  avia-builder-el-first  container_wrap sidebar_right'  style='height: 151px;'  ><\/div><div id='after_layer_slider_1'  class='main_color av_default_container_wrap container_wrap sidebar_right'  ><div class='container av-section-cont-open' ><div class='template-page content  av-content-small alpha units'><div class='post-entry post-entry-type-page post-entry-3576'><div class='entry-content-wrapper clearfix'>\n\n<style type=\"text\/css\" data-created_by=\"avia_inline_auto\" id=\"style-css-av-jikfb9f4-0e043fd96623e9208006398543c60795\">\n.flex_column.av-jikfb9f4-0e043fd96623e9208006398543c60795{\n-webkit-border-radius:0px 0px 0px 0px;\n-moz-border-radius:0px 0px 0px 0px;\nborder-radius:0px 0px 0px 0px;\npadding:0px 0px 0px 0px;\n}\n<\/style>\n<div  class='flex_column av-jikfb9f4-0e043fd96623e9208006398543c60795 av_one_full  avia-builder-el-1  el_after_av_layerslider  el_before_av_section  avia-builder-el-no-sibling  first flex_column_div av-animated-generic bottom-to-top av-zero-column-padding  '     ><section  class='av_textblock_section av-jikerb9t-c1d30f9c13ec4898cf70a3472de3771a '   itemscope=\"itemscope\" itemtype=\"https:\/\/schema.org\/CreativeWork\" ><div class='avia_textblock'  itemprop=\"text\" ><blockquote>\n<p><span style=\"color: #333333;\"><strong>A TONEX Kft. &#8211; 1993-ban alap\u00edtott v\u00e1llalat. <\/strong>F\u0151 tev\u00e9kenys\u00e9ge 1997-t\u0151l <strong>\u00e9p\u00edt\u00e9szeti beruh\u00e1z\u00e1sok el\u0151k\u00e9sz\u00edt\u00e9se \u00e9s kivitelez\u00e9se bele\u00e9rtve az anyagell\u00e1t\u00e1st,<\/strong> valamint \u00e9p\u00edt\u00e9szeti szakter\u00fcleten megval\u00f3s\u00edtott speci\u00e1lis tev\u00e9kenys\u00e9g.<\/span><\/p>\n<\/blockquote>\n<p>Kezdetben c\u00e9g\u00fcnk iparcikkek nagykereskedelm\u00e9vel \u2013 exportj\u00e1val, villanyszerel\u00e9ssel, valamint f\u0171t\u00f6k\u00e1beles rendszerek forgalmaz\u00e1s\u00e1val \u00e9s kivitelez\u00e9s\u00e9vel (talajf\u0171t\u00e9s, fagyv\u00e9delem stb.) foglalkzott amely tev\u00e9kenys\u00e9get a\u00a0mai napig v\u00e9gezz\u00fck. C\u00e9g\u00fcnk folyamatos fejl\u0151d\u00e9s\u00e9nek k\u00f6sz\u00f6nhet\u0151en a\u00a0teljesk\u00f6r\u0171 \u00e9p\u00edt\u00e9szeti szolg\u00e1ltat\u00e1sok ter\u00fclet\u00e9n is bizony\u00edtott. A\u00a0kezdetekben f\u0151leg \u00e9p\u00fcletfel\u00faj\u00edt\u00e1sokat valamint csal\u00e1di h\u00e1zak kivitelez\u00e9s\u00e9t v\u00e1llalta, majd az \u00e9vek sor\u00e1n a\u00a0magas\u00e9p\u00edt\u00e9szet minden ter\u00fclet\u00e9n bizony\u00edtott. Ezt a\u00a0fejl\u0151d\u00e9st mi sem bizony\u00edtja jobban, mint a\u00a0k\u00f6rnyez\u0151 falvakban \u00e9s v\u00e1rosokban fel\u00e9p\u00edtett lak\u00f3h\u00e1zak &#8211; b\u00e9rlak\u00e1sok, t\u00f6bbfunkci\u00f3s \u00e9p\u00fcletek, aut\u00f3szalonok, fel\u00faj\u00edtott iskol\u00e1k, utc\u00e1k, bankfi\u00f3kok, ipari csarnokok \u00e9s modern irodah\u00e1zak kivitelez\u00e9se.<\/p>\n<\/div><\/section><\/div>\n<\/div><\/div><\/div><!-- close content main div --><\/div><\/div><div id='av_section_1'  class='avia-section av-jiocqu5q-19a8df6c78ec89eaf20a8ab74436475e alternate_color avia-section-default avia-no-border-styling  avia-builder-el-3  el_after_av_one_full  el_before_av_one_full  avia-bg-style-scroll container_wrap sidebar_right'  ><div class='container av-section-cont-open' ><div class='template-page content  av-content-small alpha units'><div class='post-entry post-entry-type-page post-entry-3576'><div class='entry-content-wrapper clearfix'>\n<section  class='av_textblock_section av-jioctj4r-a06bf19fc04f9f1c47f054148df3a0cb '   itemscope=\"itemscope\" itemtype=\"https:\/\/schema.org\/CreativeWork\" ><div class='avia_textblock'  itemprop=\"text\" ><h3 class=\"western\" lang=\"en-US\" style=\"text-align: center; padding-top: 15px;\"><span lang=\"hu-HU\" style=\"color: #ffffff;\">V\u00e1llalatunkat a pontoss\u00e1g, megb\u00edzhat\u00f3s\u00e1g, korrekts\u00e9g, rugalmass\u00e1g, kedvez\u0151 \u00e1r \u00e9s min\u0151s\u00e9gi munkav\u00e9gz\u00e9s mellett a szerz\u0151d\u00e9ses felt\u00e9telek marad\u00e9ktalan betart\u00e1sa jellemzi. <\/span><\/h3>\n<\/div><\/section>\n<\/div><\/div><\/div><!-- close content main div --><\/div><\/div><div id='after_section_1'  class='main_color av_default_container_wrap container_wrap sidebar_right'  ><div class='container av-section-cont-open' ><div class='template-page content  av-content-small alpha units'><div class='post-entry post-entry-type-page post-entry-3576'><div class='entry-content-wrapper clearfix'>\n\n<style type=\"text\/css\" data-created_by=\"avia_inline_auto\" id=\"style-css-av-24f9r3-2c175744cb4de51e7a904ea612e0921f\">\n.flex_column.av-24f9r3-2c175744cb4de51e7a904ea612e0921f{\n-webkit-border-radius:0px 0px 0px 0px;\n-moz-border-radius:0px 0px 0px 0px;\nborder-radius:0px 0px 0px 0px;\npadding:0px 0px 0px 0px;\n}\n<\/style>\n<div  class='flex_column av-24f9r3-2c175744cb4de51e7a904ea612e0921f av_one_full  avia-builder-el-5  el_after_av_section  el_before_av_section  avia-builder-el-no-sibling  first flex_column_div av-animated-generic bottom-to-top av-zero-column-padding  '     ><section  class='av_textblock_section av-jikerb9t-c1d30f9c13ec4898cf70a3472de3771a '   itemscope=\"itemscope\" itemtype=\"https:\/\/schema.org\/CreativeWork\" ><div class='avia_textblock'  itemprop=\"text\" ><p>Megrendel\u0151ink jelent\u0151s r\u00e9sze a\u00a0mag\u00e1n szektor k\u00e9pvisel\u0151je, mivel rendelkez\u00fcnk a\u00a0k\u00f6zszf\u00e9ra regisztr\u00e1lt partneri tanus\u00edtv\u00e1nny\u00e1val a\u00a0k\u00f6zbeszerz\u00e9sek akt\u00edv r\u00e9sztvev\u0151ik\u00e9nt jelent\u0151s beruh\u00e1z\u00e1sokat kivitelezt\u00fcnk falvak \u00e9s v\u00e1rosok r\u00e9sz\u00e9re. Az \u00e9p\u00edtkez\u00e9sek el\u0151k\u00e9sz\u00edt\u00e9s\u00e9n \u00e9s kivitelez\u00e9s\u00e9n egy kiv\u00e1l\u00f3 csapat dolgozik megb\u00edzhat\u00f3 h\u00e1tt\u00e9rrel, amely igyekszik teljesk\u00f6r\u0171 szolg\u00e1ltat\u00e1st ny\u00fajtani \u00fcgyfeleink sz\u00e1m\u00e1ra. A v\u00e1llalat a megrendel\u0151 k\u00edv\u00e1ns\u00e1gainak megfelel\u0151en biztos\u00edtja az \u00e9p\u00fclet kivitelez\u00e9st az alapokt\u00f3l eg\u00e9szen a v\u00e9gleges\u00edt\u00e9sig, \u00e9s a finom r\u00e9szletek kidolgoz\u00e1s\u00e1ig. V\u00e1llalatunkat a pontoss\u00e1g, megb\u00edzhat\u00f3s\u00e1g, korrekts\u00e9g, rugalmass\u00e1g, kedvez\u0151 \u00e1r \u00e9s min\u0151s\u00e9gi munkav\u00e9gz\u00e9s mellett a szerz\u0151d\u00e9ses felt\u00e9telek marad\u00e9ktalan betart\u00e1sa jellemzi.<\/p>\n<p>A TONEX Kft. alkalmazotti strukt\u00far\u00e1j\u00e1nak (35 \u2013 40 alkalmazott) valamint saj\u00e1t techikai berendez\u00e9seinek (g\u00e9pkocsik, szersz\u00e1mok, \u00e1ll\u00e1srendszer, \u00e9p\u00edt\u00e9szeti munkag\u00e9pek stb.) k\u00f6sz\u00f6nhet\u0151en k\u00e9pes megfelelni a magas\u00e9p\u00edt\u00e9szet kih\u00edv\u00e1sainak szinte minden egyes ter\u00fclet\u00e9n.<\/p>\n<\/div><\/section><\/div>\n<\/div><\/div><\/div><!-- close content main div --><\/div><\/div>\n<style type=\"text\/css\" data-created_by=\"avia_inline_auto\" id=\"style-css-av-jj7holsg-2041aa65ae41118321faeefe6583c6ba\">\n.avia-section.av-jj7holsg-2041aa65ae41118321faeefe6583c6ba .av-parallax .av-parallax-inner{\nbackground-repeat:no-repeat;\nbackground-image:url(https:\/\/tonexbau.sk\/wp-content\/uploads\/legikep.jpg);\nbackground-position:0% 0%;\nbackground-attachment:scroll;\n}\n<\/style>\n<div id='av_section_2'  class='avia-section av-jj7holsg-2041aa65ae41118321faeefe6583c6ba main_color avia-section-no-padding avia-no-border-styling  avia-builder-el-7  el_after_av_one_full  avia-builder-el-last  av-parallax-section avia-bg-style-parallax av-minimum-height av-minimum-height-75 av-height-75  container_wrap sidebar_right'  data-section-bg-repeat='no-repeat' data-av_minimum_height_pc='75' data-av_min_height_opt='75'><div class='av-parallax' data-avia-parallax-ratio='0.3' ><div class='av-parallax-inner main_color avia-full-stretch'><\/div><\/div><div class='container av-section-cont-open' ><div class='template-page content  av-content-small alpha units'><div class='post-entry post-entry-type-page post-entry-3576'><div class='entry-content-wrapper clearfix'><\/div><\/div><\/div><!-- close content main div --><\/div><\/div><div id='after_section_2'  class='main_color av_default_container_wrap container_wrap sidebar_right'  ><div class='container av-section-cont-open' ><div class='template-page content  av-content-small alpha units'><div class='post-entry post-entry-type-page post-entry-3576'><div class='entry-content-wrapper clearfix'>\n","protected":false},"excerpt":{"rendered":"","protected":false},"author":1,"featured_media":0,"parent":0,"menu_order":0,"comment_status":"closed","ping_status":"closed","template":"","meta":{"footnotes":""},"yoast_head":"<!-- This site is optimized with the Yoast SEO plugin v22.5 - https:\/\/yoast.com\/wordpress\/plugins\/seo\/ -->\n<title>R\u00f3lunk | C\u00e9g\u00fcnk r\u00f6vid t\u00f6rt\u00e9nete - Tonex Baucentrum<\/title>\n<meta name=\"description\" content=\"Ebben a cikkben p\u00e1r sz\u00f3 esik r\u00f3lunk, ceg\u00fcnk t\u00f6rt\u00e9net\u00e9r\u0151l, c\u00e9ljair\u00f3l, filoz\u00f3fi\u00e1j\u00e1r\u00f3l. Tudjon meg t\u00f6bbet arr\u00f3l, mik\u00e9nt n\u0151tte ki mag\u00e1t c\u00e9g\u00fcnk a mai form\u00e1j\u00e1ra.\" \/>\n<meta name=\"robots\" content=\"index, follow, max-snippet:-1, max-image-preview:large, max-video-preview:-1\" \/>\n<link rel=\"canonical\" href=\"https:\/\/tonexbau.sk\/hu\/rolunk\/\" \/>\n<meta property=\"og:locale\" content=\"hu_HU\" \/>\n<meta property=\"og:type\" content=\"article\" \/>\n<meta property=\"og:title\" content=\"R\u00f3lunk | C\u00e9g\u00fcnk r\u00f6vid t\u00f6rt\u00e9nete - Tonex Baucentrum\" \/>\n<meta property=\"og:description\" content=\"Ebben a cikkben p\u00e1r sz\u00f3 esik r\u00f3lunk, ceg\u00fcnk t\u00f6rt\u00e9net\u00e9r\u0151l, c\u00e9ljair\u00f3l, filoz\u00f3fi\u00e1j\u00e1r\u00f3l. Tudjon meg t\u00f6bbet arr\u00f3l, mik\u00e9nt n\u0151tte ki mag\u00e1t c\u00e9g\u00fcnk a mai form\u00e1j\u00e1ra.\" \/>\n<meta property=\"og:url\" content=\"https:\/\/tonexbau.sk\/hu\/rolunk\/\" \/>\n<meta property=\"og:site_name\" content=\"Tonex Baucentrum\" \/>\n<meta property=\"article:publisher\" content=\"https:\/\/www.facebook.com\/tonexbaucentrum\/\" \/>\n<meta property=\"article:modified_time\" content=\"2018-08-24T16:43:08+00:00\" \/>\n<meta name=\"twitter:card\" content=\"summary_large_image\" \/>\n<meta name=\"twitter:label1\" content=\"Becs\u00fclt olvas\u00e1si id\u0151\" \/>\n\t<meta name=\"twitter:data1\" content=\"5 perc\" \/>\n<script type=\"application\/ld+json\" class=\"yoast-schema-graph\">{\"@context\":\"https:\/\/schema.org\",\"@graph\":[{\"@type\":\"WebPage\",\"@id\":\"https:\/\/tonexbau.sk\/hu\/rolunk\/\",\"url\":\"https:\/\/tonexbau.sk\/hu\/rolunk\/\",\"name\":\"R\u00f3lunk | C\u00e9g\u00fcnk r\u00f6vid t\u00f6rt\u00e9nete - Tonex Baucentrum\",\"isPartOf\":{\"@id\":\"https:\/\/tonexbau.sk\/hu\/#website\"},\"datePublished\":\"2018-06-21T09:35:24+00:00\",\"dateModified\":\"2018-08-24T16:43:08+00:00\",\"description\":\"Ebben a cikkben p\u00e1r sz\u00f3 esik r\u00f3lunk, ceg\u00fcnk t\u00f6rt\u00e9net\u00e9r\u0151l, c\u00e9ljair\u00f3l, filoz\u00f3fi\u00e1j\u00e1r\u00f3l. Tudjon meg t\u00f6bbet arr\u00f3l, mik\u00e9nt n\u0151tte ki mag\u00e1t c\u00e9g\u00fcnk a mai form\u00e1j\u00e1ra.\",\"breadcrumb\":{\"@id\":\"https:\/\/tonexbau.sk\/hu\/rolunk\/#breadcrumb\"},\"inLanguage\":\"hu\",\"potentialAction\":[{\"@type\":\"ReadAction\",\"target\":[\"https:\/\/tonexbau.sk\/hu\/rolunk\/\"]}]},{\"@type\":\"BreadcrumbList\",\"@id\":\"https:\/\/tonexbau.sk\/hu\/rolunk\/#breadcrumb\",\"itemListElement\":[{\"@type\":\"ListItem\",\"position\":1,\"name\":\"Home\",\"item\":\"https:\/\/tonexbau.sk\/hu\/fooldal\/\"},{\"@type\":\"ListItem\",\"position\":2,\"name\":\"R\u00f3lunk\"}]},{\"@type\":\"WebSite\",\"@id\":\"https:\/\/tonexbau.sk\/hu\/#website\",\"url\":\"https:\/\/tonexbau.sk\/hu\/\",\"name\":\"Tonex Baucentrum\",\"description\":\"Vytv\u00e1rame hodnotu, prin\u00e1\u0161ame rados\u0165 na\u0161\u00edm z\u00e1kazn\u00edkom.\",\"publisher\":{\"@id\":\"https:\/\/tonexbau.sk\/hu\/#organization\"},\"potentialAction\":[{\"@type\":\"SearchAction\",\"target\":{\"@type\":\"EntryPoint\",\"urlTemplate\":\"https:\/\/tonexbau.sk\/hu\/?s={search_term_string}\"},\"query-input\":\"required name=search_term_string\"}],\"inLanguage\":\"hu\"},{\"@type\":\"Organization\",\"@id\":\"https:\/\/tonexbau.sk\/hu\/#organization\",\"name\":\"Tonex Baucentrum\",\"url\":\"https:\/\/tonexbau.sk\/hu\/\",\"logo\":{\"@type\":\"ImageObject\",\"inLanguage\":\"hu\",\"@id\":\"https:\/\/tonexbau.sk\/hu\/#\/schema\/logo\/image\/\",\"url\":\"https:\/\/tonexbau.sk\/wp-content\/uploads\/2018\/04\/TONEX-C2.png\",\"contentUrl\":\"https:\/\/tonexbau.sk\/wp-content\/uploads\/2018\/04\/TONEX-C2.png\",\"width\":1461,\"height\":399,\"caption\":\"Tonex Baucentrum\"},\"image\":{\"@id\":\"https:\/\/tonexbau.sk\/hu\/#\/schema\/logo\/image\/\"},\"sameAs\":[\"https:\/\/www.facebook.com\/tonexbaucentrum\/\"]}]}<\/script>\n<!-- \/ Yoast SEO plugin. -->","yoast_head_json":{"title":"R\u00f3lunk | C\u00e9g\u00fcnk r\u00f6vid t\u00f6rt\u00e9nete - Tonex Baucentrum","description":"Ebben a cikkben p\u00e1r sz\u00f3 esik r\u00f3lunk, ceg\u00fcnk t\u00f6rt\u00e9net\u00e9r\u0151l, c\u00e9ljair\u00f3l, filoz\u00f3fi\u00e1j\u00e1r\u00f3l. Tudjon meg t\u00f6bbet arr\u00f3l, mik\u00e9nt n\u0151tte ki mag\u00e1t c\u00e9g\u00fcnk a mai form\u00e1j\u00e1ra.","robots":{"index":"index","follow":"follow","max-snippet":"max-snippet:-1","max-image-preview":"max-image-preview:large","max-video-preview":"max-video-preview:-1"},"canonical":"https:\/\/tonexbau.sk\/hu\/rolunk\/","og_locale":"hu_HU","og_type":"article","og_title":"R\u00f3lunk | C\u00e9g\u00fcnk r\u00f6vid t\u00f6rt\u00e9nete - Tonex Baucentrum","og_description":"Ebben a cikkben p\u00e1r sz\u00f3 esik r\u00f3lunk, ceg\u00fcnk t\u00f6rt\u00e9net\u00e9r\u0151l, c\u00e9ljair\u00f3l, filoz\u00f3fi\u00e1j\u00e1r\u00f3l. Tudjon meg t\u00f6bbet arr\u00f3l, mik\u00e9nt n\u0151tte ki mag\u00e1t c\u00e9g\u00fcnk a mai form\u00e1j\u00e1ra.","og_url":"https:\/\/tonexbau.sk\/hu\/rolunk\/","og_site_name":"Tonex Baucentrum","article_publisher":"https:\/\/www.facebook.com\/tonexbaucentrum\/","article_modified_time":"2018-08-24T16:43:08+00:00","twitter_card":"summary_large_image","twitter_misc":{"Becs\u00fclt olvas\u00e1si id\u0151":"5 perc"},"schema":{"@context":"https:\/\/schema.org","@graph":[{"@type":"WebPage","@id":"https:\/\/tonexbau.sk\/hu\/rolunk\/","url":"https:\/\/tonexbau.sk\/hu\/rolunk\/","name":"R\u00f3lunk | C\u00e9g\u00fcnk r\u00f6vid t\u00f6rt\u00e9nete - Tonex Baucentrum","isPartOf":{"@id":"https:\/\/tonexbau.sk\/hu\/#website"},"datePublished":"2018-06-21T09:35:24+00:00","dateModified":"2018-08-24T16:43:08+00:00","description":"Ebben a cikkben p\u00e1r sz\u00f3 esik r\u00f3lunk, ceg\u00fcnk t\u00f6rt\u00e9net\u00e9r\u0151l, c\u00e9ljair\u00f3l, filoz\u00f3fi\u00e1j\u00e1r\u00f3l. Tudjon meg t\u00f6bbet arr\u00f3l, mik\u00e9nt n\u0151tte ki mag\u00e1t c\u00e9g\u00fcnk a mai form\u00e1j\u00e1ra.","breadcrumb":{"@id":"https:\/\/tonexbau.sk\/hu\/rolunk\/#breadcrumb"},"inLanguage":"hu","potentialAction":[{"@type":"ReadAction","target":["https:\/\/tonexbau.sk\/hu\/rolunk\/"]}]},{"@type":"BreadcrumbList","@id":"https:\/\/tonexbau.sk\/hu\/rolunk\/#breadcrumb","itemListElement":[{"@type":"ListItem","position":1,"name":"Home","item":"https:\/\/tonexbau.sk\/hu\/fooldal\/"},{"@type":"ListItem","position":2,"name":"R\u00f3lunk"}]},{"@type":"WebSite","@id":"https:\/\/tonexbau.sk\/hu\/#website","url":"https:\/\/tonexbau.sk\/hu\/","name":"Tonex Baucentrum","description":"Vytv\u00e1rame hodnotu, prin\u00e1\u0161ame rados\u0165 na\u0161\u00edm z\u00e1kazn\u00edkom.","publisher":{"@id":"https:\/\/tonexbau.sk\/hu\/#organization"},"potentialAction":[{"@type":"SearchAction","target":{"@type":"EntryPoint","urlTemplate":"https:\/\/tonexbau.sk\/hu\/?s={search_term_string}"},"query-input":"required name=search_term_string"}],"inLanguage":"hu"},{"@type":"Organization","@id":"https:\/\/tonexbau.sk\/hu\/#organization","name":"Tonex Baucentrum","url":"https:\/\/tonexbau.sk\/hu\/","logo":{"@type":"ImageObject","inLanguage":"hu","@id":"https:\/\/tonexbau.sk\/hu\/#\/schema\/logo\/image\/","url":"https:\/\/tonexbau.sk\/wp-content\/uploads\/2018\/04\/TONEX-C2.png","contentUrl":"https:\/\/tonexbau.sk\/wp-content\/uploads\/2018\/04\/TONEX-C2.png","width":1461,"height":399,"caption":"Tonex Baucentrum"},"image":{"@id":"https:\/\/tonexbau.sk\/hu\/#\/schema\/logo\/image\/"},"sameAs":["https:\/\/www.facebook.com\/tonexbaucentrum\/"]}]}},"_links":{"self":[{"href":"https:\/\/tonexbau.sk\/hu\/wp-json\/wp\/v2\/pages\/3576"}],"collection":[{"href":"https:\/\/tonexbau.sk\/hu\/wp-json\/wp\/v2\/pages"}],"about":[{"href":"https:\/\/tonexbau.sk\/hu\/wp-json\/wp\/v2\/types\/page"}],"author":[{"embeddable":true,"href":"https:\/\/tonexbau.sk\/hu\/wp-json\/wp\/v2\/users\/1"}],"replies":[{"embeddable":true,"href":"https:\/\/tonexbau.sk\/hu\/wp-json\/wp\/v2\/comments?post=3576"}],"version-history":[{"count":0,"href":"https:\/\/tonexbau.sk\/hu\/wp-json\/wp\/v2\/pages\/3576\/revisions"}],"wp:attachment":[{"href":"https:\/\/tonexbau.sk\/hu\/wp-json\/wp\/v2\/media?parent=3576"}],"curies":[{"name":"wp","href":"https:\/\/api.w.org\/{rel}","templated":true}]}}