{"id":3571,"date":"2018-06-21T10:47:00","date_gmt":"2018-06-21T08:47:00","guid":{"rendered":"http:\/\/tonexbau.sk\/?page_id=3571"},"modified":"2018-08-24T19:23:09","modified_gmt":"2018-08-24T17:23:09","slug":"szolgaltatasok","status":"publish","type":"page","link":"https:\/\/tonexbau.sk\/hu\/szolgaltatasok\/","title":{"rendered":"Szolg\u00e1ltat\u00e1sok"},"content":{"rendered":"<div id='layer_slider_1'  class='avia-layerslider main_color avia-shadow  avia-builder-el-0  el_before_av_iconlist  avia-builder-el-first  container_wrap sidebar_right'  style='height: 151px;'  ><\/div><div id='after_layer_slider_1'  class='main_color av_default_container_wrap container_wrap sidebar_right'  ><div class='container av-section-cont-open' ><div class='template-page content  av-content-small alpha units'><div class='post-entry post-entry-type-page post-entry-3571'><div class='entry-content-wrapper clearfix'>\n\n<style type=\"text\/css\" data-created_by=\"avia_inline_auto\" id=\"style-css-av-jim1jzy6-5a0e7b380b097201b628c9cbd2c09482\">\n#top .avia-icon-list-container.av-jim1jzy6-5a0e7b380b097201b628c9cbd2c09482 .iconlist_icon{\nbackground-color:#e31e25;\n}\n<\/style>\n<div  class='avia-icon-list-container av-jim1jzy6-5a0e7b380b097201b628c9cbd2c09482  avia-builder-el-1  el_after_av_layerslider  avia-builder-el-no-sibling '><ul class='avia-icon-list avia_animate_when_almost_visible avia-icon-list-left av-iconlist-big av-jim1jzy6-5a0e7b380b097201b628c9cbd2c09482 avia-iconlist-animate'>\n<li><div class='iconlist_icon av-av_iconlist_item-b68b5836e1f8c7b5bdbe37325cbf5ff9 avia-font-entypo-fontello'><span class='iconlist-char' aria-hidden='true' data-av_icon='\ue84e' data-av_iconfont='entypo-fontello'><\/span><\/div><article class=\"article-icon-entry av-iconlist-empty\"  itemscope=\"itemscope\" itemtype=\"https:\/\/schema.org\/CreativeWork\" ><div class=\"iconlist_content_wrap\"><header class=\"entry-content-header\"><h4 class='av_iconlist_title iconlist_title  '  itemprop=\"headline\" >Teljesk\u00f6r\u0171 tervdokument\u00e1ci\u00f3 bebiztos\u00edt\u00e1sa<\/h4><\/header><div class='iconlist_content '  itemprop=\"text\" ><\/div><\/div><footer class=\"entry-footer\"><\/footer><\/article><div class=\"iconlist-timeline\"><\/div><\/li>\n<li><div class='iconlist_icon av-av_iconlist_item-926129a79dfec4f731a57cc4e5981057 avia-font-entypo-fontello'><span class='iconlist-char' aria-hidden='true' data-av_icon='\ue843' data-av_iconfont='entypo-fontello'><\/span><\/div><article class=\"article-icon-entry av-iconlist-empty\"  itemscope=\"itemscope\" itemtype=\"https:\/\/schema.org\/CreativeWork\" ><div class=\"iconlist_content_wrap\"><header class=\"entry-content-header\"><h4 class='av_iconlist_title iconlist_title  '  itemprop=\"headline\" >M\u00e9rn\u00f6ki tev\u00e9kenys\u00e9g - \u00e9p\u00edt\u00e9si \u00e9s haszn\u00e1latbav\u00e9teli enged\u00e9lyek beszerz\u00e9se<\/h4><\/header><div class='iconlist_content '  itemprop=\"text\" ><\/div><\/div><footer class=\"entry-footer\"><\/footer><\/article><div class=\"iconlist-timeline\"><\/div><\/li>\n<li><div class='iconlist_icon av-av_iconlist_item-05a5984254950be29494eeb7565e2d52 avia-font-entypo-fontello'><span class='iconlist-char' aria-hidden='true' data-av_icon='\ue8c7' data-av_iconfont='entypo-fontello'><\/span><\/div><article class=\"article-icon-entry av-iconlist-empty\"  itemscope=\"itemscope\" itemtype=\"https:\/\/schema.org\/CreativeWork\" ><div class=\"iconlist_content_wrap\"><header class=\"entry-content-header\"><h4 class='av_iconlist_title iconlist_title  '  itemprop=\"headline\" >\u00c1raj\u00e1nlatok - k\u00f6lts\u00e9gvet\u00e9sek kidolgoz\u00e1sa, \u00e9p\u00fcletfel\u00fcgyelet<\/h4><\/header><div class='iconlist_content '  itemprop=\"text\" ><\/div><\/div><footer class=\"entry-footer\"><\/footer><\/article><div class=\"iconlist-timeline\"><\/div><\/li>\n<li><div class='iconlist_icon av-av_iconlist_item-f9cb78bd21e2cee4c61ed9f1996ed6db avia-font-entypo-fontello'><span class='iconlist-char' aria-hidden='true' data-av_icon='\ue821' data-av_iconfont='entypo-fontello'><\/span><\/div><article class=\"article-icon-entry av-iconlist-empty\"  itemscope=\"itemscope\" itemtype=\"https:\/\/schema.org\/CreativeWork\" ><div class=\"iconlist_content_wrap\"><header class=\"entry-content-header\"><h4 class='av_iconlist_title iconlist_title  '  itemprop=\"headline\" >Komplex \u00e9p\u00edt\u00e9szeti \u00e9s \u00e9p\u00fcletg\u00e9p\u00e9szeti kivitelez\u00e9s<\/h4><\/header><div class='iconlist_content '  itemprop=\"text\" ><\/div><\/div><footer class=\"entry-footer\"><\/footer><\/article><div class=\"iconlist-timeline\"><\/div><\/li>\n<li><div class='iconlist_icon av-av_iconlist_item-069450603cb3ba6c5d9336d516fba53f avia-font-entypo-fontello'><span class='iconlist-char' aria-hidden='true' data-av_icon='\ue8d6' data-av_iconfont='entypo-fontello'><\/span><\/div><article class=\"article-icon-entry av-iconlist-empty\"  itemscope=\"itemscope\" itemtype=\"https:\/\/schema.org\/CreativeWork\" ><div class=\"iconlist_content_wrap\"><header class=\"entry-content-header\"><h4 class='av_iconlist_title iconlist_title  '  itemprop=\"headline\" >H\u0151szigetel\u00e9si rendszerek kivitelez\u00e9se<\/h4><\/header><div class='iconlist_content '  itemprop=\"text\" ><\/div><\/div><footer class=\"entry-footer\"><\/footer><\/article><div class=\"iconlist-timeline\"><\/div><\/li>\n<li><div class='iconlist_icon av-av_iconlist_item-6c15f0150d9321f67fb1d5435981e4fe avia-font-entypo-fontello'><span class='iconlist-char' aria-hidden='true' data-av_icon='\ue8da' data-av_iconfont='entypo-fontello'><\/span><\/div><article class=\"article-icon-entry av-iconlist-empty\"  itemscope=\"itemscope\" itemtype=\"https:\/\/schema.org\/CreativeWork\" ><div class=\"iconlist_content_wrap\"><header class=\"entry-content-header\"><h4 class='av_iconlist_title iconlist_title  '  itemprop=\"headline\" >M\u00e9rn\u00f6ki h\u00e1l\u00f3zatok kivitelez\u00e9se<\/h4><\/header><div class='iconlist_content '  itemprop=\"text\" ><\/div><\/div><footer class=\"entry-footer\"><\/footer><\/article><div class=\"iconlist-timeline\"><\/div><\/li>\n<li><div class='iconlist_icon av-av_iconlist_item-a77291190ed7f3003ee1b7e411fb1d67 avia-font-entypo-fontello'><span class='iconlist-char' aria-hidden='true' data-av_icon='\ue856' data-av_iconfont='entypo-fontello'><\/span><\/div><article class=\"article-icon-entry av-iconlist-empty\"  itemscope=\"itemscope\" itemtype=\"https:\/\/schema.org\/CreativeWork\" ><div class=\"iconlist_content_wrap\"><header class=\"entry-content-header\"><h4 class='av_iconlist_title iconlist_title  '  itemprop=\"headline\" >Elektromos h\u00e1l\u00f3zatok szerel\u00e9se, jav\u00edt\u00e1sa \u00e9s karbantart\u00e1sa<\/h4><\/header><div class='iconlist_content '  itemprop=\"text\" ><\/div><\/div><footer class=\"entry-footer\"><\/footer><\/article><div class=\"iconlist-timeline\"><\/div><\/li>\n<li><div class='iconlist_icon av-av_iconlist_item-7e9dcce0ec3b61fdd673c32ea5e44ab8 avia-font-entypo-fontello'><span class='iconlist-char' aria-hidden='true' data-av_icon='\ue812' data-av_iconfont='entypo-fontello'><\/span><\/div><article class=\"article-icon-entry av-iconlist-empty\"  itemscope=\"itemscope\" itemtype=\"https:\/\/schema.org\/CreativeWork\" ><div class=\"iconlist_content_wrap\"><header class=\"entry-content-header\"><h4 class='av_iconlist_title iconlist_title  '  itemprop=\"headline\" >M\u00e9rn\u00f6ki h\u00e1l\u00f3zatok ellen\u00f6rz\u00e9se, min\u0151s\u00e9gi tanus\u00edtv\u00e1nyok ki\u00e1ll\u00edt\u00e1sa<\/h4><\/header><div class='iconlist_content '  itemprop=\"text\" ><\/div><\/div><footer class=\"entry-footer\"><\/footer><\/article><div class=\"iconlist-timeline\"><\/div><\/li>\n<li><div class='iconlist_icon av-av_iconlist_item-684ad1fe343ab967b57c70160147281b avia-font-entypo-fontello'><span class='iconlist-char' aria-hidden='true' data-av_icon='\ue8b0' data-av_iconfont='entypo-fontello'><\/span><\/div><article class=\"article-icon-entry av-iconlist-empty\"  itemscope=\"itemscope\" itemtype=\"https:\/\/schema.org\/CreativeWork\" ><div class=\"iconlist_content_wrap\"><header class=\"entry-content-header\"><h4 class='av_iconlist_title iconlist_title  '  itemprop=\"headline\" >\u00c9p\u00fcletek bels\u0151 tereinek kialak\u00edt\u00e1sa - lakberendez\u00e9s<\/h4><\/header><div class='iconlist_content '  itemprop=\"text\" ><\/div><\/div><footer class=\"entry-footer\"><\/footer><\/article><div class=\"iconlist-timeline\"><\/div><\/li>\n<li><div class='iconlist_icon av-av_iconlist_item-8138b5dbb4c586dcf1700dfbaccf0141 avia-font-entypo-fontello'><span class='iconlist-char' aria-hidden='true' data-av_icon='\ue81e' data-av_iconfont='entypo-fontello'><\/span><\/div><article class=\"article-icon-entry av-iconlist-empty\"  itemscope=\"itemscope\" itemtype=\"https:\/\/schema.org\/CreativeWork\" ><div class=\"iconlist_content_wrap\"><header class=\"entry-content-header\"><h4 class='av_iconlist_title iconlist_title  '  itemprop=\"headline\" >\u00c9p\u00edt\u00e9szeti szaktan\u00e1csad\u00e1s<\/h4><\/header><div class='iconlist_content '  itemprop=\"text\" ><\/div><\/div><footer class=\"entry-footer\"><\/footer><\/article><div class=\"iconlist-timeline\"><\/div><\/li>\n<\/ul><\/div>\n","protected":false},"excerpt":{"rendered":"","protected":false},"author":1,"featured_media":0,"parent":0,"menu_order":0,"comment_status":"closed","ping_status":"closed","template":"","meta":{"footnotes":""},"yoast_head":"<!-- This site is optimized with the Yoast SEO plugin v22.5 - https:\/\/yoast.com\/wordpress\/plugins\/seo\/ -->\n<title>Szolg\u00e1ltat\u00e1sok | Amit k\u00edn\u00e1lunk \u2013 Tonex Baucentrum<\/title>\n<meta name=\"description\" content=\"Sz\u00e9les k\u00f6r\u0171 szolg\u00e1ltat\u00e1sainkkal \u00fcgyfeleink legapr\u00f3bb, \u00e9s legk\u00fcl\u00f6n\u00f6sebb k\u00edv\u00e1ns\u00e1gait is teljes\u00edteni tudjuk \u2013 prec\u00edzen, hat\u00e1rid\u0151re.\" \/>\n<meta name=\"robots\" content=\"index, follow, max-snippet:-1, max-image-preview:large, max-video-preview:-1\" \/>\n<link rel=\"canonical\" href=\"https:\/\/tonexbau.sk\/hu\/szolgaltatasok\/\" \/>\n<meta property=\"og:locale\" content=\"hu_HU\" \/>\n<meta property=\"og:type\" content=\"article\" \/>\n<meta property=\"og:title\" content=\"Szolg\u00e1ltat\u00e1sok | Amit k\u00edn\u00e1lunk \u2013 Tonex Baucentrum\" \/>\n<meta property=\"og:description\" content=\"Sz\u00e9les k\u00f6r\u0171 szolg\u00e1ltat\u00e1sainkkal \u00fcgyfeleink legapr\u00f3bb, \u00e9s legk\u00fcl\u00f6n\u00f6sebb k\u00edv\u00e1ns\u00e1gait is teljes\u00edteni tudjuk \u2013 prec\u00edzen, hat\u00e1rid\u0151re.\" \/>\n<meta property=\"og:url\" content=\"https:\/\/tonexbau.sk\/hu\/szolgaltatasok\/\" \/>\n<meta property=\"og:site_name\" content=\"Tonex Baucentrum\" \/>\n<meta property=\"article:publisher\" content=\"https:\/\/www.facebook.com\/tonexbaucentrum\/\" \/>\n<meta property=\"article:modified_time\" content=\"2018-08-24T17:23:09+00:00\" \/>\n<meta name=\"twitter:card\" content=\"summary_large_image\" \/>\n<meta name=\"twitter:label1\" content=\"Becs\u00fclt olvas\u00e1si id\u0151\" \/>\n\t<meta name=\"twitter:data1\" content=\"2 perc\" \/>\n<script type=\"application\/ld+json\" class=\"yoast-schema-graph\">{\"@context\":\"https:\/\/schema.org\",\"@graph\":[{\"@type\":\"WebPage\",\"@id\":\"https:\/\/tonexbau.sk\/hu\/szolgaltatasok\/\",\"url\":\"https:\/\/tonexbau.sk\/hu\/szolgaltatasok\/\",\"name\":\"Szolg\u00e1ltat\u00e1sok | Amit k\u00edn\u00e1lunk \u2013 Tonex Baucentrum\",\"isPartOf\":{\"@id\":\"https:\/\/tonexbau.sk\/hu\/#website\"},\"datePublished\":\"2018-06-21T08:47:00+00:00\",\"dateModified\":\"2018-08-24T17:23:09+00:00\",\"description\":\"Sz\u00e9les k\u00f6r\u0171 szolg\u00e1ltat\u00e1sainkkal \u00fcgyfeleink legapr\u00f3bb, \u00e9s legk\u00fcl\u00f6n\u00f6sebb k\u00edv\u00e1ns\u00e1gait is teljes\u00edteni tudjuk \u2013 prec\u00edzen, hat\u00e1rid\u0151re.\",\"breadcrumb\":{\"@id\":\"https:\/\/tonexbau.sk\/hu\/szolgaltatasok\/#breadcrumb\"},\"inLanguage\":\"hu\",\"potentialAction\":[{\"@type\":\"ReadAction\",\"target\":[\"https:\/\/tonexbau.sk\/hu\/szolgaltatasok\/\"]}]},{\"@type\":\"BreadcrumbList\",\"@id\":\"https:\/\/tonexbau.sk\/hu\/szolgaltatasok\/#breadcrumb\",\"itemListElement\":[{\"@type\":\"ListItem\",\"position\":1,\"name\":\"Home\",\"item\":\"https:\/\/tonexbau.sk\/hu\/fooldal\/\"},{\"@type\":\"ListItem\",\"position\":2,\"name\":\"Szolg\u00e1ltat\u00e1sok\"}]},{\"@type\":\"WebSite\",\"@id\":\"https:\/\/tonexbau.sk\/hu\/#website\",\"url\":\"https:\/\/tonexbau.sk\/hu\/\",\"name\":\"Tonex Baucentrum\",\"description\":\"Vytv\u00e1rame hodnotu, prin\u00e1\u0161ame rados\u0165 na\u0161\u00edm z\u00e1kazn\u00edkom.\",\"publisher\":{\"@id\":\"https:\/\/tonexbau.sk\/hu\/#organization\"},\"potentialAction\":[{\"@type\":\"SearchAction\",\"target\":{\"@type\":\"EntryPoint\",\"urlTemplate\":\"https:\/\/tonexbau.sk\/hu\/?s={search_term_string}\"},\"query-input\":\"required name=search_term_string\"}],\"inLanguage\":\"hu\"},{\"@type\":\"Organization\",\"@id\":\"https:\/\/tonexbau.sk\/hu\/#organization\",\"name\":\"Tonex Baucentrum\",\"url\":\"https:\/\/tonexbau.sk\/hu\/\",\"logo\":{\"@type\":\"ImageObject\",\"inLanguage\":\"hu\",\"@id\":\"https:\/\/tonexbau.sk\/hu\/#\/schema\/logo\/image\/\",\"url\":\"https:\/\/tonexbau.sk\/wp-content\/uploads\/2018\/04\/TONEX-C2.png\",\"contentUrl\":\"https:\/\/tonexbau.sk\/wp-content\/uploads\/2018\/04\/TONEX-C2.png\",\"width\":1461,\"height\":399,\"caption\":\"Tonex Baucentrum\"},\"image\":{\"@id\":\"https:\/\/tonexbau.sk\/hu\/#\/schema\/logo\/image\/\"},\"sameAs\":[\"https:\/\/www.facebook.com\/tonexbaucentrum\/\"]}]}<\/script>\n<!-- \/ Yoast SEO plugin. -->","yoast_head_json":{"title":"Szolg\u00e1ltat\u00e1sok | Amit k\u00edn\u00e1lunk \u2013 Tonex Baucentrum","description":"Sz\u00e9les k\u00f6r\u0171 szolg\u00e1ltat\u00e1sainkkal \u00fcgyfeleink legapr\u00f3bb, \u00e9s legk\u00fcl\u00f6n\u00f6sebb k\u00edv\u00e1ns\u00e1gait is teljes\u00edteni tudjuk \u2013 prec\u00edzen, hat\u00e1rid\u0151re.","robots":{"index":"index","follow":"follow","max-snippet":"max-snippet:-1","max-image-preview":"max-image-preview:large","max-video-preview":"max-video-preview:-1"},"canonical":"https:\/\/tonexbau.sk\/hu\/szolgaltatasok\/","og_locale":"hu_HU","og_type":"article","og_title":"Szolg\u00e1ltat\u00e1sok | Amit k\u00edn\u00e1lunk \u2013 Tonex Baucentrum","og_description":"Sz\u00e9les k\u00f6r\u0171 szolg\u00e1ltat\u00e1sainkkal \u00fcgyfeleink legapr\u00f3bb, \u00e9s legk\u00fcl\u00f6n\u00f6sebb k\u00edv\u00e1ns\u00e1gait is teljes\u00edteni tudjuk \u2013 prec\u00edzen, hat\u00e1rid\u0151re.","og_url":"https:\/\/tonexbau.sk\/hu\/szolgaltatasok\/","og_site_name":"Tonex Baucentrum","article_publisher":"https:\/\/www.facebook.com\/tonexbaucentrum\/","article_modified_time":"2018-08-24T17:23:09+00:00","twitter_card":"summary_large_image","twitter_misc":{"Becs\u00fclt olvas\u00e1si id\u0151":"2 perc"},"schema":{"@context":"https:\/\/schema.org","@graph":[{"@type":"WebPage","@id":"https:\/\/tonexbau.sk\/hu\/szolgaltatasok\/","url":"https:\/\/tonexbau.sk\/hu\/szolgaltatasok\/","name":"Szolg\u00e1ltat\u00e1sok | Amit k\u00edn\u00e1lunk \u2013 Tonex Baucentrum","isPartOf":{"@id":"https:\/\/tonexbau.sk\/hu\/#website"},"datePublished":"2018-06-21T08:47:00+00:00","dateModified":"2018-08-24T17:23:09+00:00","description":"Sz\u00e9les k\u00f6r\u0171 szolg\u00e1ltat\u00e1sainkkal \u00fcgyfeleink legapr\u00f3bb, \u00e9s legk\u00fcl\u00f6n\u00f6sebb k\u00edv\u00e1ns\u00e1gait is teljes\u00edteni tudjuk \u2013 prec\u00edzen, hat\u00e1rid\u0151re.","breadcrumb":{"@id":"https:\/\/tonexbau.sk\/hu\/szolgaltatasok\/#breadcrumb"},"inLanguage":"hu","potentialAction":[{"@type":"ReadAction","target":["https:\/\/tonexbau.sk\/hu\/szolgaltatasok\/"]}]},{"@type":"BreadcrumbList","@id":"https:\/\/tonexbau.sk\/hu\/szolgaltatasok\/#breadcrumb","itemListElement":[{"@type":"ListItem","position":1,"name":"Home","item":"https:\/\/tonexbau.sk\/hu\/fooldal\/"},{"@type":"ListItem","position":2,"name":"Szolg\u00e1ltat\u00e1sok"}]},{"@type":"WebSite","@id":"https:\/\/tonexbau.sk\/hu\/#website","url":"https:\/\/tonexbau.sk\/hu\/","name":"Tonex Baucentrum","description":"Vytv\u00e1rame hodnotu, prin\u00e1\u0161ame rados\u0165 na\u0161\u00edm z\u00e1kazn\u00edkom.","publisher":{"@id":"https:\/\/tonexbau.sk\/hu\/#organization"},"potentialAction":[{"@type":"SearchAction","target":{"@type":"EntryPoint","urlTemplate":"https:\/\/tonexbau.sk\/hu\/?s={search_term_string}"},"query-input":"required name=search_term_string"}],"inLanguage":"hu"},{"@type":"Organization","@id":"https:\/\/tonexbau.sk\/hu\/#organization","name":"Tonex Baucentrum","url":"https:\/\/tonexbau.sk\/hu\/","logo":{"@type":"ImageObject","inLanguage":"hu","@id":"https:\/\/tonexbau.sk\/hu\/#\/schema\/logo\/image\/","url":"https:\/\/tonexbau.sk\/wp-content\/uploads\/2018\/04\/TONEX-C2.png","contentUrl":"https:\/\/tonexbau.sk\/wp-content\/uploads\/2018\/04\/TONEX-C2.png","width":1461,"height":399,"caption":"Tonex Baucentrum"},"image":{"@id":"https:\/\/tonexbau.sk\/hu\/#\/schema\/logo\/image\/"},"sameAs":["https:\/\/www.facebook.com\/tonexbaucentrum\/"]}]}},"_links":{"self":[{"href":"https:\/\/tonexbau.sk\/hu\/wp-json\/wp\/v2\/pages\/3571"}],"collection":[{"href":"https:\/\/tonexbau.sk\/hu\/wp-json\/wp\/v2\/pages"}],"about":[{"href":"https:\/\/tonexbau.sk\/hu\/wp-json\/wp\/v2\/types\/page"}],"author":[{"embeddable":true,"href":"https:\/\/tonexbau.sk\/hu\/wp-json\/wp\/v2\/users\/1"}],"replies":[{"embeddable":true,"href":"https:\/\/tonexbau.sk\/hu\/wp-json\/wp\/v2\/comments?post=3571"}],"version-history":[{"count":0,"href":"https:\/\/tonexbau.sk\/hu\/wp-json\/wp\/v2\/pages\/3571\/revisions"}],"wp:attachment":[{"href":"https:\/\/tonexbau.sk\/hu\/wp-json\/wp\/v2\/media?parent=3571"}],"curies":[{"name":"wp","href":"https:\/\/api.w.org\/{rel}","templated":true}]}}